{"id":9712,"date":"2024-09-30T21:57:58","date_gmt":"2024-09-30T19:57:58","guid":{"rendered":"https:\/\/web3factory.net\/manifiesto-w3f-nuestra-vision\/"},"modified":"2024-10-28T23:41:40","modified_gmt":"2024-10-28T22:41:40","slug":"manifiesto-w3f-nuestra-vision","status":"publish","type":"page","link":"https:\/\/web3factory.net\/es\/manifiesto-w3f-nuestra-vision\/","title":{"rendered":"Manifiesto W3F: Nuestra visi\u00f3n"},"content":{"rendered":"\t\t<div data-elementor-type=\"wp-page\" data-elementor-id=\"9712\" class=\"elementor elementor-9712 elementor-6227\" data-elementor-post-type=\"page\">\n\t\t\t\t\t\t<section class=\"elementor-section elementor-top-section elementor-element elementor-element-4a3acea elementor-section-boxed elementor-section-height-default elementor-section-height-default\" data-id=\"4a3acea\" data-element_type=\"section\">\n\t\t\t\t\t\t<div class=\"elementor-container elementor-column-gap-default\">\n\t\t\t\t\t<div class=\"elementor-column elementor-col-100 elementor-top-column elementor-element elementor-element-5adbc7f4\" data-id=\"5adbc7f4\" data-element_type=\"column\">\n\t\t\t<div class=\"elementor-widget-wrap elementor-element-populated\">\n\t\t\t\t\t\t<div class=\"elementor-element elementor-element-71b59e58 elementor-widget elementor-widget-text-editor\" data-id=\"71b59e58\" data-element_type=\"widget\" data-widget_type=\"text-editor.default\">\n\t\t\t\t<div class=\"elementor-widget-container\">\n\t\t\t\t\t\t\t\t\t<p><strong>El Manifiesto: Nuestra visi\u00f3n<br \/><\/strong><\/p>\n<p>En Web3Factory (W3F), nuestro objetivo es crear una base de datos de recursos amplia y en constante evoluci\u00f3n para usuarios <strong>de todos los niveles<\/strong>, ya sean <strong>principiantes<\/strong>, <strong>aficionados experimentados<\/strong> o <strong>expertos del sector<\/strong>.<\/p>\n<p>Nuestro objetivo es que W3F se convierta en la plataforma de referencia no s\u00f3lo para <strong>introducir a la gente<\/strong> en el mundo de las criptomonedas, sino tambi\u00e9n para ofrecer un <strong>entorno acogedor y atractivo<\/strong> en el que <strong>aprender, mantenerse informado<\/strong> y <strong>crear proyectos<\/strong> con la orientaci\u00f3n de profesionales experimentados, en varios idiomas.<\/p>\n<p>Nos comprometemos a garantizar que <span style=\"text-decoration: underline;\">todo el contenido de W3F sea siempre de libre acceso<\/span>, ya que creemos que el conocimiento, especialmente en un ecosistema tan transformador como Web3, nunca debe estar limitado por barreras financieras.<\/p>\n<p>Si tiene curiosidad por saber c\u00f3mo garantizamos contenidos imparciales y mantenemos nuestras operaciones, le invitamos a consultar nuestra p\u00e1gina de <a href=\"https:\/\/web3factory.net\/monetization-and-transparency\/\" target=\"_blank\" rel=\"noopener\">Monetizaci\u00f3n y transparencia<\/a>.<\/p>\n<p>A largo plazo, Web3Factory se convertir\u00e1 en un <b>centro de colaboraci\u00f3n<\/b> en el que la comunidad podr\u00e1 aportar y compartir conocimientos.<\/p>\n<p>Nos aseguraremos de que todas las contribuciones sean cuidadosamente supervisadas, ya que reconocemos que en cualquier espacio que implique dinero, hay potencial para malos actores.<\/p>\n<p>Nuestro compromiso es mantener esta plataforma como un <strong>espacio seguro y de confianza<\/strong> donde los usuarios puedan <strong>aprender <\/strong>y<strong> colaborar<\/strong> sin miedo a estafas o desinformaci\u00f3n.<\/p>\n<p>Nos dedicamos a crear un ecosistema vibrante e inclusivo para explorar y profundizar en todos los aspectos del panorama criptogr\u00e1fico, ya sean temas generales o los detalles m\u00e1s intrincados.<\/p>\n<p>Juntos, podemos construir un futuro en el que el acceso a un conocimiento fiable y experto sobre criptomonedas est\u00e9 abierto a todos.<\/p>\n<p style=\"text-align: center;\">Atentamente,<\/p>\n<p style=\"text-align: center;\"><strong>El equipo W3F.<\/strong><\/p>\n\t\t\t\t\t\t\t\t<\/div>\n\t\t\t\t<\/div>\n\t\t\t\t\t<\/div>\n\t\t<\/div>\n\t\t\t\t\t<\/div>\n\t\t<\/section>\n\t\t\t\t<\/div>\n\t\t","protected":false},"excerpt":{"rendered":"<p>Conozca nuestro modelo de monetizaci\u00f3n y nuestro compromiso con la transparencia a la hora de proporcionar educaci\u00f3n y recursos imparciales sobre criptomonedas.<\/p>\n","protected":false},"author":41,"featured_media":7751,"parent":0,"menu_order":0,"comment_status":"closed","ping_status":"closed","template":"","meta":{"_acf_changed":false,"inline_featured_image":false,"footnotes":""},"class_list":["post-9712","page","type-page","status-publish","has-post-thumbnail","hentry"],"acf":[],"yoast_head":"<!-- This site is optimized with the Yoast SEO Premium plugin v23.0 (Yoast SEO v23.5) - https:\/\/yoast.com\/wordpress\/plugins\/seo\/ -->\n<title>Manifiesto W3F: Nuestra visi\u00f3n - Web3Factory<\/title>\n<meta name=\"robots\" content=\"index, follow, max-snippet:-1, max-image-preview:large, max-video-preview:-1\" \/>\n<link rel=\"canonical\" href=\"https:\/\/web3factory.net\/es\/manifiesto-w3f-nuestra-vision\/\" \/>\n<meta property=\"og:locale\" content=\"es_ES\" \/>\n<meta property=\"og:type\" content=\"article\" \/>\n<meta property=\"og:title\" content=\"Manifiesto W3F: Nuestra visi\u00f3n\" \/>\n<meta property=\"og:description\" content=\"Conozca nuestro modelo de monetizaci\u00f3n y nuestro compromiso con la transparencia a la hora de proporcionar educaci\u00f3n y recursos imparciales sobre criptomonedas.\" \/>\n<meta property=\"og:url\" content=\"https:\/\/web3factory.net\/es\/manifiesto-w3f-nuestra-vision\/\" \/>\n<meta property=\"og:site_name\" content=\"Web3Factory\" \/>\n<meta property=\"article:modified_time\" content=\"2024-10-28T22:41:40+00:00\" \/>\n<meta property=\"og:image\" content=\"https:\/\/preprod.web3factory.net\/wp-content\/uploads\/2024\/09\/W3Fbanner.png\" \/>\n\t<meta property=\"og:image:width\" content=\"840\" \/>\n\t<meta property=\"og:image:height\" content=\"472\" \/>\n\t<meta property=\"og:image:type\" content=\"image\/png\" \/>\n<meta name=\"twitter:card\" content=\"summary_large_image\" \/>\n<meta name=\"twitter:site\" content=\"@w3bfactory\" \/>\n<meta name=\"twitter:label1\" content=\"Tiempo de lectura\" \/>\n\t<meta name=\"twitter:data1\" content=\"1 minuto\" \/>\n<script type=\"application\/ld+json\" class=\"yoast-schema-graph\">{\"@context\":\"https:\/\/schema.org\",\"@graph\":[{\"@type\":\"WebPage\",\"@id\":\"https:\/\/web3factory.net\/es\/manifiesto-w3f-nuestra-vision\/\",\"url\":\"https:\/\/web3factory.net\/es\/manifiesto-w3f-nuestra-vision\/\",\"name\":\"Manifiesto W3F: Nuestra visi\u00f3n - Web3Factory\",\"isPartOf\":{\"@id\":\"https:\/\/preprod.web3factory.net\/es\/#website\"},\"primaryImageOfPage\":{\"@id\":\"https:\/\/web3factory.net\/es\/manifiesto-w3f-nuestra-vision\/#primaryimage\"},\"image\":{\"@id\":\"https:\/\/web3factory.net\/es\/manifiesto-w3f-nuestra-vision\/#primaryimage\"},\"thumbnailUrl\":\"https:\/\/web3factory.net\/wp-content\/uploads\/2024\/09\/W3Fbanner.png\",\"datePublished\":\"2024-09-30T19:57:58+00:00\",\"dateModified\":\"2024-10-28T22:41:40+00:00\",\"breadcrumb\":{\"@id\":\"https:\/\/web3factory.net\/es\/manifiesto-w3f-nuestra-vision\/#breadcrumb\"},\"inLanguage\":\"es\",\"potentialAction\":[{\"@type\":\"ReadAction\",\"target\":[\"https:\/\/web3factory.net\/es\/manifiesto-w3f-nuestra-vision\/\"]}]},{\"@type\":\"ImageObject\",\"inLanguage\":\"es\",\"@id\":\"https:\/\/web3factory.net\/es\/manifiesto-w3f-nuestra-vision\/#primaryimage\",\"url\":\"https:\/\/web3factory.net\/wp-content\/uploads\/2024\/09\/W3Fbanner.png\",\"contentUrl\":\"https:\/\/web3factory.net\/wp-content\/uploads\/2024\/09\/W3Fbanner.png\",\"width\":840,\"height\":472},{\"@type\":\"BreadcrumbList\",\"@id\":\"https:\/\/web3factory.net\/es\/manifiesto-w3f-nuestra-vision\/#breadcrumb\",\"itemListElement\":[{\"@type\":\"ListItem\",\"position\":1,\"name\":\"Home\",\"item\":\"https:\/\/preprod.web3factory.net\/es\/\"},{\"@type\":\"ListItem\",\"position\":2,\"name\":\"Manifiesto W3F: Nuestra visi\u00f3n\"}]},{\"@type\":\"WebSite\",\"@id\":\"https:\/\/preprod.web3factory.net\/es\/#website\",\"url\":\"https:\/\/preprod.web3factory.net\/es\/\",\"name\":\"Web3Factory\",\"description\":\"Crypto knowledge at your fingertips.\",\"publisher\":{\"@id\":\"https:\/\/preprod.web3factory.net\/es\/#organization\"},\"potentialAction\":[{\"@type\":\"SearchAction\",\"target\":{\"@type\":\"EntryPoint\",\"urlTemplate\":\"https:\/\/preprod.web3factory.net\/es\/?s={search_term_string}\"},\"query-input\":{\"@type\":\"PropertyValueSpecification\",\"valueRequired\":true,\"valueName\":\"search_term_string\"}}],\"inLanguage\":\"es\"},{\"@type\":\"Organization\",\"@id\":\"https:\/\/preprod.web3factory.net\/es\/#organization\",\"name\":\"Web3Factory\",\"alternateName\":\"W3F\",\"url\":\"https:\/\/preprod.web3factory.net\/es\/\",\"logo\":{\"@type\":\"ImageObject\",\"inLanguage\":\"es\",\"@id\":\"https:\/\/preprod.web3factory.net\/es\/#\/schema\/logo\/image\/\",\"url\":\"https:\/\/web3factory.net\/wp-content\/uploads\/2023\/10\/logo_carre.png\",\"contentUrl\":\"https:\/\/web3factory.net\/wp-content\/uploads\/2023\/10\/logo_carre.png\",\"width\":418,\"height\":420,\"caption\":\"Web3Factory\"},\"image\":{\"@id\":\"https:\/\/preprod.web3factory.net\/es\/#\/schema\/logo\/image\/\"},\"sameAs\":[\"https:\/\/x.com\/w3bfactory\"]}]}<\/script>\n<!-- \/ Yoast SEO Premium plugin. -->","yoast_head_json":{"title":"Manifiesto W3F: Nuestra visi\u00f3n - Web3Factory","robots":{"index":"index","follow":"follow","max-snippet":"max-snippet:-1","max-image-preview":"max-image-preview:large","max-video-preview":"max-video-preview:-1"},"canonical":"https:\/\/web3factory.net\/es\/manifiesto-w3f-nuestra-vision\/","og_locale":"es_ES","og_type":"article","og_title":"Manifiesto W3F: Nuestra visi\u00f3n","og_description":"Conozca nuestro modelo de monetizaci\u00f3n y nuestro compromiso con la transparencia a la hora de proporcionar educaci\u00f3n y recursos imparciales sobre criptomonedas.","og_url":"https:\/\/web3factory.net\/es\/manifiesto-w3f-nuestra-vision\/","og_site_name":"Web3Factory","article_modified_time":"2024-10-28T22:41:40+00:00","og_image":[{"width":840,"height":472,"url":"https:\/\/preprod.web3factory.net\/wp-content\/uploads\/2024\/09\/W3Fbanner.png","type":"image\/png"}],"twitter_card":"summary_large_image","twitter_site":"@w3bfactory","twitter_misc":{"Tiempo de lectura":"1 minuto"},"schema":{"@context":"https:\/\/schema.org","@graph":[{"@type":"WebPage","@id":"https:\/\/web3factory.net\/es\/manifiesto-w3f-nuestra-vision\/","url":"https:\/\/web3factory.net\/es\/manifiesto-w3f-nuestra-vision\/","name":"Manifiesto W3F: Nuestra visi\u00f3n - Web3Factory","isPartOf":{"@id":"https:\/\/preprod.web3factory.net\/es\/#website"},"primaryImageOfPage":{"@id":"https:\/\/web3factory.net\/es\/manifiesto-w3f-nuestra-vision\/#primaryimage"},"image":{"@id":"https:\/\/web3factory.net\/es\/manifiesto-w3f-nuestra-vision\/#primaryimage"},"thumbnailUrl":"https:\/\/web3factory.net\/wp-content\/uploads\/2024\/09\/W3Fbanner.png","datePublished":"2024-09-30T19:57:58+00:00","dateModified":"2024-10-28T22:41:40+00:00","breadcrumb":{"@id":"https:\/\/web3factory.net\/es\/manifiesto-w3f-nuestra-vision\/#breadcrumb"},"inLanguage":"es","potentialAction":[{"@type":"ReadAction","target":["https:\/\/web3factory.net\/es\/manifiesto-w3f-nuestra-vision\/"]}]},{"@type":"ImageObject","inLanguage":"es","@id":"https:\/\/web3factory.net\/es\/manifiesto-w3f-nuestra-vision\/#primaryimage","url":"https:\/\/web3factory.net\/wp-content\/uploads\/2024\/09\/W3Fbanner.png","contentUrl":"https:\/\/web3factory.net\/wp-content\/uploads\/2024\/09\/W3Fbanner.png","width":840,"height":472},{"@type":"BreadcrumbList","@id":"https:\/\/web3factory.net\/es\/manifiesto-w3f-nuestra-vision\/#breadcrumb","itemListElement":[{"@type":"ListItem","position":1,"name":"Home","item":"https:\/\/preprod.web3factory.net\/es\/"},{"@type":"ListItem","position":2,"name":"Manifiesto W3F: Nuestra visi\u00f3n"}]},{"@type":"WebSite","@id":"https:\/\/preprod.web3factory.net\/es\/#website","url":"https:\/\/preprod.web3factory.net\/es\/","name":"Web3Factory","description":"Crypto knowledge at your fingertips.","publisher":{"@id":"https:\/\/preprod.web3factory.net\/es\/#organization"},"potentialAction":[{"@type":"SearchAction","target":{"@type":"EntryPoint","urlTemplate":"https:\/\/preprod.web3factory.net\/es\/?s={search_term_string}"},"query-input":{"@type":"PropertyValueSpecification","valueRequired":true,"valueName":"search_term_string"}}],"inLanguage":"es"},{"@type":"Organization","@id":"https:\/\/preprod.web3factory.net\/es\/#organization","name":"Web3Factory","alternateName":"W3F","url":"https:\/\/preprod.web3factory.net\/es\/","logo":{"@type":"ImageObject","inLanguage":"es","@id":"https:\/\/preprod.web3factory.net\/es\/#\/schema\/logo\/image\/","url":"https:\/\/web3factory.net\/wp-content\/uploads\/2023\/10\/logo_carre.png","contentUrl":"https:\/\/web3factory.net\/wp-content\/uploads\/2023\/10\/logo_carre.png","width":418,"height":420,"caption":"Web3Factory"},"image":{"@id":"https:\/\/preprod.web3factory.net\/es\/#\/schema\/logo\/image\/"},"sameAs":["https:\/\/x.com\/w3bfactory"]}]}},"_links":{"self":[{"href":"https:\/\/web3factory.net\/es\/wp-json\/wp\/v2\/pages\/9712","targetHints":{"allow":["GET"]}}],"collection":[{"href":"https:\/\/web3factory.net\/es\/wp-json\/wp\/v2\/pages"}],"about":[{"href":"https:\/\/web3factory.net\/es\/wp-json\/wp\/v2\/types\/page"}],"author":[{"embeddable":true,"href":"https:\/\/web3factory.net\/es\/wp-json\/wp\/v2\/users\/41"}],"replies":[{"embeddable":true,"href":"https:\/\/web3factory.net\/es\/wp-json\/wp\/v2\/comments?post=9712"}],"version-history":[{"count":1,"href":"https:\/\/web3factory.net\/es\/wp-json\/wp\/v2\/pages\/9712\/revisions"}],"predecessor-version":[{"id":9713,"href":"https:\/\/web3factory.net\/es\/wp-json\/wp\/v2\/pages\/9712\/revisions\/9713"}],"wp:featuredmedia":[{"embeddable":true,"href":"https:\/\/web3factory.net\/es\/wp-json\/wp\/v2\/media\/7751"}],"wp:attachment":[{"href":"https:\/\/web3factory.net\/es\/wp-json\/wp\/v2\/media?parent=9712"}],"curies":[{"name":"wp","href":"https:\/\/api.w.org\/{rel}","templated":true}]}}