{"id":7853,"date":"2024-05-15T21:10:46","date_gmt":"2024-05-15T19:10:46","guid":{"rendered":"https:\/\/web3factory.net\/tools\/"},"modified":"2025-02-04T11:44:39","modified_gmt":"2025-02-04T10:44:39","slug":"outils","status":"publish","type":"page","link":"https:\/\/web3factory.net\/fr\/outils\/","title":{"rendered":"Outils"},"content":{"rendered":"\t\t<div data-elementor-type=\"wp-page\" data-elementor-id=\"7853\" class=\"elementor elementor-7853 elementor-3911\" data-elementor-post-type=\"page\">\n\t\t\t\t\t\t<section class=\"elementor-section elementor-top-section elementor-element elementor-element-575cdbd elementor-section-content-middle elementor-section-boxed elementor-section-height-default elementor-section-height-default\" data-id=\"575cdbd\" data-element_type=\"section\" data-settings=\"{&quot;background_background&quot;:&quot;classic&quot;,&quot;background_motion_fx_motion_fx_scrolling&quot;:&quot;yes&quot;,&quot;background_motion_fx_translateY_effect&quot;:&quot;yes&quot;,&quot;background_motion_fx_blur_effect&quot;:&quot;yes&quot;,&quot;background_motion_fx_translateY_speed&quot;:{&quot;unit&quot;:&quot;px&quot;,&quot;size&quot;:4,&quot;sizes&quot;:[]},&quot;background_motion_fx_translateY_affectedRange&quot;:{&quot;unit&quot;:&quot;%&quot;,&quot;size&quot;:&quot;&quot;,&quot;sizes&quot;:{&quot;start&quot;:0,&quot;end&quot;:100}},&quot;background_motion_fx_blur_direction&quot;:&quot;out-in&quot;,&quot;background_motion_fx_blur_level&quot;:{&quot;unit&quot;:&quot;px&quot;,&quot;size&quot;:7,&quot;sizes&quot;:[]},&quot;background_motion_fx_blur_range&quot;:{&quot;unit&quot;:&quot;%&quot;,&quot;size&quot;:&quot;&quot;,&quot;sizes&quot;:{&quot;start&quot;:20,&quot;end&quot;:80}},&quot;background_motion_fx_devices&quot;:[&quot;desktop&quot;,&quot;tablet&quot;,&quot;mobile&quot;]}\">\n\t\t\t\t\t\t\t<div class=\"elementor-background-overlay\"><\/div>\n\t\t\t\t\t\t\t<div class=\"elementor-container elementor-column-gap-no\">\n\t\t\t\t\t<div class=\"elementor-column elementor-col-100 elementor-top-column elementor-element elementor-element-7255f0e\" data-id=\"7255f0e\" data-element_type=\"column\">\n\t\t\t<div class=\"elementor-widget-wrap elementor-element-populated\">\n\t\t\t\t\t\t<div class=\"elementor-element elementor-element-9828f37 elementor-widget elementor-widget-heading\" data-id=\"9828f37\" data-element_type=\"widget\" data-widget_type=\"heading.default\">\n\t\t\t\t<div class=\"elementor-widget-container\">\n\t\t\t\t\t<h1 class=\"elementor-heading-title elementor-size-default\">OUTILS<\/h1>\t\t\t\t<\/div>\n\t\t\t\t<\/div>\n\t\t\t\t<div class=\"elementor-element elementor-element-c854f04 elementor-widget elementor-widget-heading\" data-id=\"c854f04\" data-element_type=\"widget\" data-widget_type=\"heading.default\">\n\t\t\t\t<div class=\"elementor-widget-container\">\n\t\t\t\t\t<h1 class=\"elementor-heading-title elementor-size-default\">OPTIMISEZ VOTRE EFFICACIT\u00c9<\/h1>\t\t\t\t<\/div>\n\t\t\t\t<\/div>\n\t\t\t\t\t<\/div>\n\t\t<\/div>\n\t\t\t\t\t<\/div>\n\t\t<\/section>\n\t\t\t\t<section class=\"elementor-section elementor-top-section elementor-element elementor-element-4681060 w3f-tools elementor-section-boxed elementor-section-height-default elementor-section-height-default\" data-id=\"4681060\" data-element_type=\"section\">\n\t\t\t\t\t\t<div class=\"elementor-container elementor-column-gap-default\">\n\t\t\t\t\t<div class=\"elementor-column elementor-col-100 elementor-top-column elementor-element elementor-element-65aa353\" data-id=\"65aa353\" data-element_type=\"column\">\n\t\t\t<div class=\"elementor-widget-wrap elementor-element-populated\">\n\t\t\t\t\t\t<div class=\"elementor-element elementor-element-a1ad030 elementor-grid-3 elementor-grid-tablet-2 elementor-grid-mobile-1 elementor-widget elementor-widget-loop-grid\" data-id=\"a1ad030\" data-element_type=\"widget\" data-settings=\"{&quot;template_id&quot;:5771,&quot;columns&quot;:3,&quot;pagination_type&quot;:&quot;numbers_and_prev_next&quot;,&quot;pagination_load_type&quot;:&quot;ajax&quot;,&quot;_skin&quot;:&quot;post&quot;,&quot;columns_tablet&quot;:&quot;2&quot;,&quot;columns_mobile&quot;:&quot;1&quot;,&quot;edit_handle_selector&quot;:&quot;[data-elementor-type=\\&quot;loop-item\\&quot;]&quot;,&quot;row_gap&quot;:{&quot;unit&quot;:&quot;px&quot;,&quot;size&quot;:&quot;&quot;,&quot;sizes&quot;:[]},&quot;row_gap_tablet&quot;:{&quot;unit&quot;:&quot;px&quot;,&quot;size&quot;:&quot;&quot;,&quot;sizes&quot;:[]},&quot;row_gap_mobile&quot;:{&quot;unit&quot;:&quot;px&quot;,&quot;size&quot;:&quot;&quot;,&quot;sizes&quot;:[]}}\" data-widget_type=\"loop-grid.post\">\n\t\t\t\t<div class=\"elementor-widget-container\">\n\t\t\t\t\t\t\t<div class=\"e-loop-nothing-found-message\">\n\t\t<\/div>\n\t\t\t\t\t\t<\/div>\n\t\t\t\t<\/div>\n\t\t\t\t\t<\/div>\n\t\t<\/div>\n\t\t\t\t\t<\/div>\n\t\t<\/section>\n\t\t\t\t<section class=\"elementor-section elementor-top-section elementor-element elementor-element-75e3882 elementor-section-boxed elementor-section-height-default elementor-section-height-default\" data-id=\"75e3882\" data-element_type=\"section\">\n\t\t\t\t\t\t<div class=\"elementor-container elementor-column-gap-default\">\n\t\t\t\t\t<div class=\"elementor-column elementor-col-100 elementor-top-column elementor-element elementor-element-ed1b4ea\" data-id=\"ed1b4ea\" data-element_type=\"column\">\n\t\t\t<div class=\"elementor-widget-wrap elementor-element-populated\">\n\t\t\t\t\t\t<div class=\"elementor-element elementor-element-67e97c0 elementor-widget elementor-widget-html\" data-id=\"67e97c0\" data-element_type=\"widget\" data-widget_type=\"html.default\">\n\t\t\t\t<div class=\"elementor-widget-container\">\n\t\t\t\t\t<script>\r\ndocument.addEventListener('DOMContentLoaded', function() {\r\n    const blockchainLogos = {\r\n        'ETH': 'https:\/\/res.cloudinary.com\/alchemy-website\/image\/upload\/v1710276193\/dapp-store\/chain-logos\/Ethereum.svg',\r\n        'Ethereum': 'https:\/\/res.cloudinary.com\/alchemy-website\/image\/upload\/v1710276193\/dapp-store\/chain-logos\/Ethereum.svg',\r\n        'Avalanche': 'https:\/\/res.cloudinary.com\/alchemy-website\/image\/upload\/v1710276193\/dapp-store\/chain-logos\/Avalanche.svg',\r\n        'Solana': 'https:\/\/res.cloudinary.com\/alchemy-website\/image\/upload\/v1710276193\/dapp-store\/chain-logos\/Solana.svg'\r\n    };\r\n\r\n    const blockchainElements = document.querySelectorAll('.elementor-inline-items .elementor-icon-list-item');\r\n\r\n    blockchainElements.forEach((element) => {\r\n        const linkElement = element.querySelector('a');\r\n        const textElement = element.querySelector('.elementor-icon-list-text');\r\n        const blockchain = textElement ? textElement.textContent.trim() : '';\r\n\r\n        if (linkElement && linkElement.href.includes(\"nolink\")) {\r\n            element.remove();\r\n        } else if (blockchain && blockchainLogos[blockchain]) {\r\n            const img = document.createElement('img');\r\n            img.alt = `${blockchain} Logo`;\r\n            img.title = blockchain;\r\n            img.src = blockchainLogos[blockchain];\r\n            img.style.width = '20px';\r\n            img.style.height = '20px';\r\n            img.style.verticalAlign = 'middle';\r\n            element.innerHTML = '';\r\n            element.appendChild(img);\r\n        } else if (element.parentElement.firstElementChild === element) {\r\n            element.style.display = 'none';\r\n        }\r\n    });\r\n});\r\n\r\n<\/script>\t\t\t\t<\/div>\n\t\t\t\t<\/div>\n\t\t\t\t\t<\/div>\n\t\t<\/div>\n\t\t\t\t\t<\/div>\n\t\t<\/section>\n\t\t\t\t<\/div>\n\t\t","protected":false},"excerpt":{"rendered":"<p>Explorez une vari\u00e9t\u00e9 d&rsquo;outils essentiels con\u00e7us pour am\u00e9liorer votre trading de crypto-monnaies, votre recherche et votre gestion de portefeuille.<\/p>\n","protected":false},"author":41,"featured_media":0,"parent":0,"menu_order":0,"comment_status":"closed","ping_status":"closed","template":"","meta":{"_acf_changed":false,"inline_featured_image":false,"footnotes":""},"class_list":["post-7853","page","type-page","status-publish","hentry"],"acf":[],"yoast_head":"<!-- This site is optimized with the Yoast SEO Premium plugin v23.0 (Yoast SEO v23.5) - https:\/\/yoast.com\/wordpress\/plugins\/seo\/ -->\n<title>Outils - Web3Factory<\/title>\n<meta name=\"robots\" content=\"index, follow, max-snippet:-1, max-image-preview:large, max-video-preview:-1\" \/>\n<link rel=\"canonical\" href=\"https:\/\/web3factory.net\/fr\/outils\/\" \/>\n<meta property=\"og:locale\" content=\"fr_FR\" \/>\n<meta property=\"og:type\" content=\"article\" \/>\n<meta property=\"og:title\" content=\"Outils\" \/>\n<meta property=\"og:description\" content=\"Explorez une vari\u00e9t\u00e9 d&#039;outils essentiels con\u00e7us pour am\u00e9liorer votre trading de crypto-monnaies, votre recherche et votre gestion de portefeuille.\" \/>\n<meta property=\"og:url\" content=\"https:\/\/web3factory.net\/fr\/outils\/\" \/>\n<meta property=\"og:site_name\" content=\"Web3Factory\" \/>\n<meta property=\"article:modified_time\" content=\"2025-02-04T10:44:39+00:00\" \/>\n<meta property=\"og:image\" content=\"https:\/\/web3factory.net\/wp-content\/uploads\/2024\/09\/W3Fbanner.webp\" \/>\n\t<meta property=\"og:image:width\" content=\"840\" \/>\n\t<meta property=\"og:image:height\" content=\"472\" \/>\n\t<meta property=\"og:image:type\" content=\"image\/webp\" \/>\n<meta name=\"twitter:card\" content=\"summary_large_image\" \/>\n<meta name=\"twitter:site\" content=\"@w3bfactory\" \/>\n<meta name=\"twitter:label1\" content=\"Dur\u00e9e de lecture estim\u00e9e\" \/>\n\t<meta name=\"twitter:data1\" content=\"1 minute\" \/>\n<script type=\"application\/ld+json\" class=\"yoast-schema-graph\">{\"@context\":\"https:\/\/schema.org\",\"@graph\":[{\"@type\":\"WebPage\",\"@id\":\"https:\/\/web3factory.net\/fr\/outils\/\",\"url\":\"https:\/\/web3factory.net\/fr\/outils\/\",\"name\":\"Outils - Web3Factory\",\"isPartOf\":{\"@id\":\"https:\/\/preprod.web3factory.net\/fr\/#website\"},\"datePublished\":\"2024-05-15T19:10:46+00:00\",\"dateModified\":\"2025-02-04T10:44:39+00:00\",\"breadcrumb\":{\"@id\":\"https:\/\/web3factory.net\/fr\/outils\/#breadcrumb\"},\"inLanguage\":\"fr-FR\",\"potentialAction\":[{\"@type\":\"ReadAction\",\"target\":[\"https:\/\/web3factory.net\/fr\/outils\/\"]}]},{\"@type\":\"BreadcrumbList\",\"@id\":\"https:\/\/web3factory.net\/fr\/outils\/#breadcrumb\",\"itemListElement\":[{\"@type\":\"ListItem\",\"position\":1,\"name\":\"Home\",\"item\":\"https:\/\/preprod.web3factory.net\/fr\/\"},{\"@type\":\"ListItem\",\"position\":2,\"name\":\"Outils\"}]},{\"@type\":\"WebSite\",\"@id\":\"https:\/\/preprod.web3factory.net\/fr\/#website\",\"url\":\"https:\/\/preprod.web3factory.net\/fr\/\",\"name\":\"Web3Factory\",\"description\":\"Crypto knowledge at your fingertips.\",\"publisher\":{\"@id\":\"https:\/\/preprod.web3factory.net\/fr\/#organization\"},\"potentialAction\":[{\"@type\":\"SearchAction\",\"target\":{\"@type\":\"EntryPoint\",\"urlTemplate\":\"https:\/\/preprod.web3factory.net\/fr\/?s={search_term_string}\"},\"query-input\":{\"@type\":\"PropertyValueSpecification\",\"valueRequired\":true,\"valueName\":\"search_term_string\"}}],\"inLanguage\":\"fr-FR\"},{\"@type\":\"Organization\",\"@id\":\"https:\/\/preprod.web3factory.net\/fr\/#organization\",\"name\":\"Web3Factory\",\"alternateName\":\"W3F\",\"url\":\"https:\/\/preprod.web3factory.net\/fr\/\",\"logo\":{\"@type\":\"ImageObject\",\"inLanguage\":\"fr-FR\",\"@id\":\"https:\/\/preprod.web3factory.net\/fr\/#\/schema\/logo\/image\/\",\"url\":\"https:\/\/web3factory.net\/wp-content\/uploads\/2023\/10\/logo_carre.png\",\"contentUrl\":\"https:\/\/web3factory.net\/wp-content\/uploads\/2023\/10\/logo_carre.png\",\"width\":418,\"height\":420,\"caption\":\"Web3Factory\"},\"image\":{\"@id\":\"https:\/\/preprod.web3factory.net\/fr\/#\/schema\/logo\/image\/\"},\"sameAs\":[\"https:\/\/x.com\/w3bfactory\"]}]}<\/script>\n<!-- \/ Yoast SEO Premium plugin. -->","yoast_head_json":{"title":"Outils - Web3Factory","robots":{"index":"index","follow":"follow","max-snippet":"max-snippet:-1","max-image-preview":"max-image-preview:large","max-video-preview":"max-video-preview:-1"},"canonical":"https:\/\/web3factory.net\/fr\/outils\/","og_locale":"fr_FR","og_type":"article","og_title":"Outils","og_description":"Explorez une vari\u00e9t\u00e9 d'outils essentiels con\u00e7us pour am\u00e9liorer votre trading de crypto-monnaies, votre recherche et votre gestion de portefeuille.","og_url":"https:\/\/web3factory.net\/fr\/outils\/","og_site_name":"Web3Factory","article_modified_time":"2025-02-04T10:44:39+00:00","og_image":[{"width":840,"height":472,"url":"https:\/\/web3factory.net\/wp-content\/uploads\/2024\/09\/W3Fbanner.webp","type":"image\/webp"}],"twitter_card":"summary_large_image","twitter_site":"@w3bfactory","twitter_misc":{"Dur\u00e9e de lecture estim\u00e9e":"1 minute"},"schema":{"@context":"https:\/\/schema.org","@graph":[{"@type":"WebPage","@id":"https:\/\/web3factory.net\/fr\/outils\/","url":"https:\/\/web3factory.net\/fr\/outils\/","name":"Outils - Web3Factory","isPartOf":{"@id":"https:\/\/preprod.web3factory.net\/fr\/#website"},"datePublished":"2024-05-15T19:10:46+00:00","dateModified":"2025-02-04T10:44:39+00:00","breadcrumb":{"@id":"https:\/\/web3factory.net\/fr\/outils\/#breadcrumb"},"inLanguage":"fr-FR","potentialAction":[{"@type":"ReadAction","target":["https:\/\/web3factory.net\/fr\/outils\/"]}]},{"@type":"BreadcrumbList","@id":"https:\/\/web3factory.net\/fr\/outils\/#breadcrumb","itemListElement":[{"@type":"ListItem","position":1,"name":"Home","item":"https:\/\/preprod.web3factory.net\/fr\/"},{"@type":"ListItem","position":2,"name":"Outils"}]},{"@type":"WebSite","@id":"https:\/\/preprod.web3factory.net\/fr\/#website","url":"https:\/\/preprod.web3factory.net\/fr\/","name":"Web3Factory","description":"Crypto knowledge at your fingertips.","publisher":{"@id":"https:\/\/preprod.web3factory.net\/fr\/#organization"},"potentialAction":[{"@type":"SearchAction","target":{"@type":"EntryPoint","urlTemplate":"https:\/\/preprod.web3factory.net\/fr\/?s={search_term_string}"},"query-input":{"@type":"PropertyValueSpecification","valueRequired":true,"valueName":"search_term_string"}}],"inLanguage":"fr-FR"},{"@type":"Organization","@id":"https:\/\/preprod.web3factory.net\/fr\/#organization","name":"Web3Factory","alternateName":"W3F","url":"https:\/\/preprod.web3factory.net\/fr\/","logo":{"@type":"ImageObject","inLanguage":"fr-FR","@id":"https:\/\/preprod.web3factory.net\/fr\/#\/schema\/logo\/image\/","url":"https:\/\/web3factory.net\/wp-content\/uploads\/2023\/10\/logo_carre.png","contentUrl":"https:\/\/web3factory.net\/wp-content\/uploads\/2023\/10\/logo_carre.png","width":418,"height":420,"caption":"Web3Factory"},"image":{"@id":"https:\/\/preprod.web3factory.net\/fr\/#\/schema\/logo\/image\/"},"sameAs":["https:\/\/x.com\/w3bfactory"]}]}},"_links":{"self":[{"href":"https:\/\/web3factory.net\/fr\/wp-json\/wp\/v2\/pages\/7853","targetHints":{"allow":["GET"]}}],"collection":[{"href":"https:\/\/web3factory.net\/fr\/wp-json\/wp\/v2\/pages"}],"about":[{"href":"https:\/\/web3factory.net\/fr\/wp-json\/wp\/v2\/types\/page"}],"author":[{"embeddable":true,"href":"https:\/\/web3factory.net\/fr\/wp-json\/wp\/v2\/users\/41"}],"replies":[{"embeddable":true,"href":"https:\/\/web3factory.net\/fr\/wp-json\/wp\/v2\/comments?post=7853"}],"version-history":[{"count":118,"href":"https:\/\/web3factory.net\/fr\/wp-json\/wp\/v2\/pages\/7853\/revisions"}],"predecessor-version":[{"id":12358,"href":"https:\/\/web3factory.net\/fr\/wp-json\/wp\/v2\/pages\/7853\/revisions\/12358"}],"wp:attachment":[{"href":"https:\/\/web3factory.net\/fr\/wp-json\/wp\/v2\/media?parent=7853"}],"curies":[{"name":"wp","href":"https:\/\/api.w.org\/{rel}","templated":true}]}}