{"id":9626,"date":"2024-09-29T02:24:32","date_gmt":"2024-09-29T00:24:32","guid":{"rendered":"https:\/\/web3factory.net\/?page_id=9626"},"modified":"2025-02-03T20:47:15","modified_gmt":"2025-02-03T19:47:15","slug":"monetisation-transparence","status":"publish","type":"page","link":"https:\/\/web3factory.net\/fr\/monetisation-transparence\/","title":{"rendered":"Mon\u00e9tisation &#038; Transparence"},"content":{"rendered":"\t\t<div data-elementor-type=\"wp-page\" data-elementor-id=\"9626\" class=\"elementor elementor-9626 elementor-6109\" data-elementor-post-type=\"page\">\n\t\t\t\t\t\t<section class=\"elementor-section elementor-top-section elementor-element elementor-element-4a3acea elementor-section-boxed elementor-section-height-default elementor-section-height-default\" data-id=\"4a3acea\" data-element_type=\"section\">\n\t\t\t\t\t\t<div class=\"elementor-container elementor-column-gap-default\">\n\t\t\t\t\t<div class=\"elementor-column elementor-col-100 elementor-top-column elementor-element elementor-element-5adbc7f4\" data-id=\"5adbc7f4\" data-element_type=\"column\">\n\t\t\t<div class=\"elementor-widget-wrap elementor-element-populated\">\n\t\t\t\t\t\t<div class=\"elementor-element elementor-element-71b59e58 elementor-widget elementor-widget-text-editor\" data-id=\"71b59e58\" data-element_type=\"widget\" data-widget_type=\"text-editor.default\">\n\t\t\t\t<div class=\"elementor-widget-container\">\n\t\t\t\t\t\t\t\t\t<h1>Mon\u00e9tisation &amp; Transparence : Disclaimer<\/h1>\n<p class=\"last-updated\">Derni\u00e8re mise \u00e0 jour : <time datetime=\"2024-09-29\">29 septembre 2024<\/time><\/p>\n<b>Web3Factory ne facturera jamais rien \u00e0 ses utilisateurs pour quelque type de contenu que ce soit.<\/b>\n<h2>Affiliation :<\/h2>\nNous nous engageons \u00e0 fournir gratuitement du contenu de qualit\u00e9 et \u00e0 cr\u00e9diter correctement tous ceux qui contribuent et nous aident \u00e0 enseigner la crypto.\nWeb3Factory sera principalement mon\u00e9tis\u00e9 par le biais de programmes d&rsquo;affiliation, pour lesquels nous recevrons une commission, ce qui nous permettra de vous proposer tout notre contenu gratuitement et sans frais pour l&rsquo;utilisateur.\n<h2>Contenu sponsoris\u00e9 :<\/h2>\nPour le contenu sponsoris\u00e9, nous examinons soigneusement chaque demande pour nous assurer que le contenu est pertinent, qualitatif et l\u00e9gitime.\nSi le contenu est sponsoris\u00e9, nous le mentionnerons, car la transparence est quelque chose d&rsquo;important pour nous.\nConcernant les outils, seuls ceux que nous avons r\u00e9ellement utilis\u00e9s seront recommand\u00e9s, afin de garantir l&rsquo;authenticit\u00e9 de nos conseils.\n<h2>Due Diligence :<\/h2>\nBien que nous nous assurions que la due diligence soit effectu\u00e9e avec soin, nous ne pouvons garantir que les projets\/outils que nous pr\u00e9sentons ne puissent pas \u00eatre affect\u00e9s par des facteurs externes tels que des piratages, le d\u00e9part du fondateur, la vente du projet, etc.\nChaque lecteur doit effectuer sa propre due diligence (ses recherches et v\u00e9rifications) avant d&rsquo;investir dans des projets. Rien de ce que nous \u00e9crivons ne constitue un conseil financier, et Web3Factory ne peut \u00eatre tenu responsable en cas de pertes financi\u00e8res.\t\t\t\t\t\t\t\t<\/div>\n\t\t\t\t<\/div>\n\t\t\t\t\t<\/div>\n\t\t<\/div>\n\t\t\t\t\t<\/div>\n\t\t<\/section>\n\t\t\t\t<\/div>\n\t\t","protected":false},"excerpt":{"rendered":"<p>Mon\u00e9tisation &amp; Transparence : Disclaimer Derni\u00e8re mise \u00e0 jour : 29 septembre 2024 Web3Factory ne facturera jamais rien \u00e0 ses utilisateurs pour quelque type de contenu que ce soit. Affiliation : Nous nous engageons \u00e0 fournir gratuitement du contenu de qualit\u00e9 et \u00e0 cr\u00e9diter correctement tous ceux qui contribuent et nous aident \u00e0 enseigner la [&hellip;]<\/p>\n","protected":false},"author":2,"featured_media":0,"parent":0,"menu_order":0,"comment_status":"closed","ping_status":"closed","template":"","meta":{"_acf_changed":false,"inline_featured_image":false,"footnotes":""},"class_list":["post-9626","page","type-page","status-publish","hentry"],"acf":[],"yoast_head":"<!-- This site is optimized with the Yoast SEO Premium plugin v23.0 (Yoast SEO v23.5) - https:\/\/yoast.com\/wordpress\/plugins\/seo\/ -->\n<title>Mon\u00e9tisation &amp; Transparence - Web3Factory<\/title>\n<meta name=\"robots\" content=\"index, follow, max-snippet:-1, max-image-preview:large, max-video-preview:-1\" \/>\n<link rel=\"canonical\" href=\"https:\/\/web3factory.net\/fr\/monetisation-transparence\/\" \/>\n<meta property=\"og:locale\" content=\"fr_FR\" \/>\n<meta property=\"og:type\" content=\"article\" \/>\n<meta property=\"og:title\" content=\"Mon\u00e9tisation &amp; Transparence\" \/>\n<meta property=\"og:description\" content=\"Mon\u00e9tisation &amp; Transparence : Disclaimer Derni\u00e8re mise \u00e0 jour : 29 septembre 2024 Web3Factory ne facturera jamais rien \u00e0 ses utilisateurs pour quelque type de contenu que ce soit. Affiliation : Nous nous engageons \u00e0 fournir gratuitement du contenu de qualit\u00e9 et \u00e0 cr\u00e9diter correctement tous ceux qui contribuent et nous aident \u00e0 enseigner la [&hellip;]\" \/>\n<meta property=\"og:url\" content=\"https:\/\/web3factory.net\/fr\/monetisation-transparence\/\" \/>\n<meta property=\"og:site_name\" content=\"Web3Factory\" \/>\n<meta property=\"article:modified_time\" content=\"2025-02-03T19:47:15+00:00\" \/>\n<meta property=\"og:image\" content=\"https:\/\/web3factory.net\/wp-content\/uploads\/2024\/09\/W3Fbanner.webp\" \/>\n\t<meta property=\"og:image:width\" content=\"840\" \/>\n\t<meta property=\"og:image:height\" content=\"472\" \/>\n\t<meta property=\"og:image:type\" content=\"image\/webp\" \/>\n<meta name=\"twitter:card\" content=\"summary_large_image\" \/>\n<meta name=\"twitter:site\" content=\"@w3bfactory\" \/>\n<meta name=\"twitter:label1\" content=\"Dur\u00e9e de lecture estim\u00e9e\" \/>\n\t<meta name=\"twitter:data1\" content=\"2 minutes\" \/>\n<script type=\"application\/ld+json\" class=\"yoast-schema-graph\">{\"@context\":\"https:\/\/schema.org\",\"@graph\":[{\"@type\":\"WebPage\",\"@id\":\"https:\/\/web3factory.net\/fr\/monetisation-transparence\/\",\"url\":\"https:\/\/web3factory.net\/fr\/monetisation-transparence\/\",\"name\":\"Mon\u00e9tisation & Transparence - Web3Factory\",\"isPartOf\":{\"@id\":\"https:\/\/preprod.web3factory.net\/fr\/#website\"},\"datePublished\":\"2024-09-29T00:24:32+00:00\",\"dateModified\":\"2025-02-03T19:47:15+00:00\",\"breadcrumb\":{\"@id\":\"https:\/\/web3factory.net\/fr\/monetisation-transparence\/#breadcrumb\"},\"inLanguage\":\"fr-FR\",\"potentialAction\":[{\"@type\":\"ReadAction\",\"target\":[\"https:\/\/web3factory.net\/fr\/monetisation-transparence\/\"]}]},{\"@type\":\"BreadcrumbList\",\"@id\":\"https:\/\/web3factory.net\/fr\/monetisation-transparence\/#breadcrumb\",\"itemListElement\":[{\"@type\":\"ListItem\",\"position\":1,\"name\":\"Home\",\"item\":\"https:\/\/preprod.web3factory.net\/fr\/\"},{\"@type\":\"ListItem\",\"position\":2,\"name\":\"Mon\u00e9tisation &#038; Transparence\"}]},{\"@type\":\"WebSite\",\"@id\":\"https:\/\/preprod.web3factory.net\/fr\/#website\",\"url\":\"https:\/\/preprod.web3factory.net\/fr\/\",\"name\":\"Web3Factory\",\"description\":\"Crypto knowledge at your fingertips.\",\"publisher\":{\"@id\":\"https:\/\/preprod.web3factory.net\/fr\/#organization\"},\"potentialAction\":[{\"@type\":\"SearchAction\",\"target\":{\"@type\":\"EntryPoint\",\"urlTemplate\":\"https:\/\/preprod.web3factory.net\/fr\/?s={search_term_string}\"},\"query-input\":{\"@type\":\"PropertyValueSpecification\",\"valueRequired\":true,\"valueName\":\"search_term_string\"}}],\"inLanguage\":\"fr-FR\"},{\"@type\":\"Organization\",\"@id\":\"https:\/\/preprod.web3factory.net\/fr\/#organization\",\"name\":\"Web3Factory\",\"alternateName\":\"W3F\",\"url\":\"https:\/\/preprod.web3factory.net\/fr\/\",\"logo\":{\"@type\":\"ImageObject\",\"inLanguage\":\"fr-FR\",\"@id\":\"https:\/\/preprod.web3factory.net\/fr\/#\/schema\/logo\/image\/\",\"url\":\"https:\/\/web3factory.net\/wp-content\/uploads\/2023\/10\/logo_carre.png\",\"contentUrl\":\"https:\/\/web3factory.net\/wp-content\/uploads\/2023\/10\/logo_carre.png\",\"width\":418,\"height\":420,\"caption\":\"Web3Factory\"},\"image\":{\"@id\":\"https:\/\/preprod.web3factory.net\/fr\/#\/schema\/logo\/image\/\"},\"sameAs\":[\"https:\/\/x.com\/w3bfactory\"]}]}<\/script>\n<!-- \/ Yoast SEO Premium plugin. -->","yoast_head_json":{"title":"Mon\u00e9tisation & Transparence - Web3Factory","robots":{"index":"index","follow":"follow","max-snippet":"max-snippet:-1","max-image-preview":"max-image-preview:large","max-video-preview":"max-video-preview:-1"},"canonical":"https:\/\/web3factory.net\/fr\/monetisation-transparence\/","og_locale":"fr_FR","og_type":"article","og_title":"Mon\u00e9tisation & Transparence","og_description":"Mon\u00e9tisation &amp; Transparence : Disclaimer Derni\u00e8re mise \u00e0 jour : 29 septembre 2024 Web3Factory ne facturera jamais rien \u00e0 ses utilisateurs pour quelque type de contenu que ce soit. Affiliation : Nous nous engageons \u00e0 fournir gratuitement du contenu de qualit\u00e9 et \u00e0 cr\u00e9diter correctement tous ceux qui contribuent et nous aident \u00e0 enseigner la [&hellip;]","og_url":"https:\/\/web3factory.net\/fr\/monetisation-transparence\/","og_site_name":"Web3Factory","article_modified_time":"2025-02-03T19:47:15+00:00","og_image":[{"width":840,"height":472,"url":"https:\/\/web3factory.net\/wp-content\/uploads\/2024\/09\/W3Fbanner.webp","type":"image\/webp"}],"twitter_card":"summary_large_image","twitter_site":"@w3bfactory","twitter_misc":{"Dur\u00e9e de lecture estim\u00e9e":"2 minutes"},"schema":{"@context":"https:\/\/schema.org","@graph":[{"@type":"WebPage","@id":"https:\/\/web3factory.net\/fr\/monetisation-transparence\/","url":"https:\/\/web3factory.net\/fr\/monetisation-transparence\/","name":"Mon\u00e9tisation & Transparence - Web3Factory","isPartOf":{"@id":"https:\/\/preprod.web3factory.net\/fr\/#website"},"datePublished":"2024-09-29T00:24:32+00:00","dateModified":"2025-02-03T19:47:15+00:00","breadcrumb":{"@id":"https:\/\/web3factory.net\/fr\/monetisation-transparence\/#breadcrumb"},"inLanguage":"fr-FR","potentialAction":[{"@type":"ReadAction","target":["https:\/\/web3factory.net\/fr\/monetisation-transparence\/"]}]},{"@type":"BreadcrumbList","@id":"https:\/\/web3factory.net\/fr\/monetisation-transparence\/#breadcrumb","itemListElement":[{"@type":"ListItem","position":1,"name":"Home","item":"https:\/\/preprod.web3factory.net\/fr\/"},{"@type":"ListItem","position":2,"name":"Mon\u00e9tisation &#038; Transparence"}]},{"@type":"WebSite","@id":"https:\/\/preprod.web3factory.net\/fr\/#website","url":"https:\/\/preprod.web3factory.net\/fr\/","name":"Web3Factory","description":"Crypto knowledge at your fingertips.","publisher":{"@id":"https:\/\/preprod.web3factory.net\/fr\/#organization"},"potentialAction":[{"@type":"SearchAction","target":{"@type":"EntryPoint","urlTemplate":"https:\/\/preprod.web3factory.net\/fr\/?s={search_term_string}"},"query-input":{"@type":"PropertyValueSpecification","valueRequired":true,"valueName":"search_term_string"}}],"inLanguage":"fr-FR"},{"@type":"Organization","@id":"https:\/\/preprod.web3factory.net\/fr\/#organization","name":"Web3Factory","alternateName":"W3F","url":"https:\/\/preprod.web3factory.net\/fr\/","logo":{"@type":"ImageObject","inLanguage":"fr-FR","@id":"https:\/\/preprod.web3factory.net\/fr\/#\/schema\/logo\/image\/","url":"https:\/\/web3factory.net\/wp-content\/uploads\/2023\/10\/logo_carre.png","contentUrl":"https:\/\/web3factory.net\/wp-content\/uploads\/2023\/10\/logo_carre.png","width":418,"height":420,"caption":"Web3Factory"},"image":{"@id":"https:\/\/preprod.web3factory.net\/fr\/#\/schema\/logo\/image\/"},"sameAs":["https:\/\/x.com\/w3bfactory"]}]}},"_links":{"self":[{"href":"https:\/\/web3factory.net\/fr\/wp-json\/wp\/v2\/pages\/9626","targetHints":{"allow":["GET"]}}],"collection":[{"href":"https:\/\/web3factory.net\/fr\/wp-json\/wp\/v2\/pages"}],"about":[{"href":"https:\/\/web3factory.net\/fr\/wp-json\/wp\/v2\/types\/page"}],"author":[{"embeddable":true,"href":"https:\/\/web3factory.net\/fr\/wp-json\/wp\/v2\/users\/2"}],"replies":[{"embeddable":true,"href":"https:\/\/web3factory.net\/fr\/wp-json\/wp\/v2\/comments?post=9626"}],"version-history":[{"count":12,"href":"https:\/\/web3factory.net\/fr\/wp-json\/wp\/v2\/pages\/9626\/revisions"}],"predecessor-version":[{"id":12088,"href":"https:\/\/web3factory.net\/fr\/wp-json\/wp\/v2\/pages\/9626\/revisions\/12088"}],"wp:attachment":[{"href":"https:\/\/web3factory.net\/fr\/wp-json\/wp\/v2\/media?parent=9626"}],"curies":[{"name":"wp","href":"https:\/\/api.w.org\/{rel}","templated":true}]}}