{"id":9708,"date":"2024-09-30T21:57:58","date_gmt":"2024-09-30T19:57:58","guid":{"rendered":"https:\/\/web3factory.net\/w3f-manifesto-notre-vision\/"},"modified":"2024-10-28T23:36:44","modified_gmt":"2024-10-28T22:36:44","slug":"w3f-manifesto-notre-vision","status":"publish","type":"page","link":"https:\/\/web3factory.net\/fr\/w3f-manifesto-notre-vision\/","title":{"rendered":"W3F Manifesto : Notre vision"},"content":{"rendered":"\t\t<div data-elementor-type=\"wp-page\" data-elementor-id=\"9708\" class=\"elementor elementor-9708 elementor-6227\" data-elementor-post-type=\"page\">\n\t\t\t\t\t\t<section class=\"elementor-section elementor-top-section elementor-element elementor-element-4a3acea elementor-section-boxed elementor-section-height-default elementor-section-height-default\" data-id=\"4a3acea\" data-element_type=\"section\">\n\t\t\t\t\t\t<div class=\"elementor-container elementor-column-gap-default\">\n\t\t\t\t\t<div class=\"elementor-column elementor-col-100 elementor-top-column elementor-element elementor-element-5adbc7f4\" data-id=\"5adbc7f4\" data-element_type=\"column\">\n\t\t\t<div class=\"elementor-widget-wrap elementor-element-populated\">\n\t\t\t\t\t\t<div class=\"elementor-element elementor-element-71b59e58 elementor-widget elementor-widget-text-editor\" data-id=\"71b59e58\" data-element_type=\"widget\" data-widget_type=\"text-editor.default\">\n\t\t\t\t<div class=\"elementor-widget-container\">\n\t\t\t\t\t\t\t\t\t<p><strong>Le Manifesto : notre vision<br \/><\/strong><\/p>\n<p>Chez Web3Factory (W3F), notre vision est de cr\u00e9er une base de donn\u00e9es \u00e9tendue et en constante \u00e9volution de ressources qui s&rsquo;adressent aux utilisateurs de <strong>tous niveaux<\/strong>&#8211; qu&rsquo;ils soient <strong>nouveaux venus<\/strong>, <strong>enthousiastes chevronn\u00e9s<\/strong> ou <strong>experts de l&rsquo;industrie<\/strong>.<\/p>\n<p>Notre objectif est que W3F devienne la plateforme de r\u00e9f\u00e9rence non seulement pour l&rsquo;<strong>int\u00e9gration des personnes<\/strong> dans le monde de la crypto, mais aussi pour offrir un <strong>environnement accueillant et engageant<\/strong> pour <strong>apprendre, se tenir inform\u00e9<\/strong> et <strong>construire des projets<\/strong> avec les conseils de professionnels exp\u00e9riment\u00e9s, dans plusieurs langues.<\/p>\n<p>Nous nous engageons \u00e0 garantir que <span style=\"text-decoration: underline;\">tout le contenu de W3F sera toujours accessible gratuitement<\/span>, car nous pensons que la connaissance, en particulier dans un \u00e9cosyst\u00e8me aussi transformateur que Web3, ne devrait jamais \u00eatre entrav\u00e9e par des barri\u00e8res financi\u00e8res.<\/p>\n<p>Pour ceux qui sont curieux de savoir comment nous garantissons un contenu impartial et comment nous pouvons malgr\u00e9 cela continuer nos activit\u00e9s, nous vous invitons \u00e0 consulter notre page sur la <a href=\"https:\/\/web3factory.net\/monetization-and-transparency\/\" target=\"_blank\" rel=\"noopener\">mon\u00e9tisation et la transparence.<\/a><\/p>\n<p>\u00c0 long terme, Web3Factory deviendra une <b>plateforme plus collaborative<\/b>, o\u00f9 la communaut\u00e9 pourra contribuer et partager ses connaissances.<\/p>\n<p>Nous veillerons \u00e0 ce que toutes les contributions soient toujours soigneusement v\u00e9rifi\u00e9es, car nous sommes conscients que dans tout espace impliquant un flow d&rsquo;argent, le potentiel malicieux de certains acteurs reste \u00e9lev\u00e9.<\/p>\n<p>Nous nous engageons \u00e0 faire de cette plateforme un <strong>espace s\u00fbr et fiable<\/strong> o\u00f9 les utilisateurs peuvent <strong>apprendre <\/strong>et<strong> collaborer<\/strong> sans craindre les escroqueries ou la d\u00e9sinformation.<\/p>\n<p>Nous sommes d\u00e9termin\u00e9s \u00e0 cr\u00e9er un \u00e9cosyst\u00e8me dynamique et inclusif pour explorer et approfondir votre compr\u00e9hension de tous les aspects du paysage crypto, qu&rsquo;il s&rsquo;agisse de sujets g\u00e9n\u00e9raux ou des d\u00e9tails les plus complexes.<\/p>\n<p>Ensemble, nous pouvons construire un avenir o\u00f9 l&rsquo;acc\u00e8s \u00e0 un savoir crypto fiable et pilot\u00e9 par des experts sera ouvert \u00e0 tous, et ce gratuitement.<\/p>\n<p style=\"text-align: center;\">Bien \u00e0 vous,<\/p>\n<p style=\"text-align: center;\"><strong>L&rsquo;\u00e9quipe W3F<\/strong><\/p>\n\t\t\t\t\t\t\t\t<\/div>\n\t\t\t\t<\/div>\n\t\t\t\t\t<\/div>\n\t\t<\/div>\n\t\t\t\t\t<\/div>\n\t\t<\/section>\n\t\t\t\t<\/div>\n\t\t","protected":false},"excerpt":{"rendered":"<p>Apprenez-en sur notre mod\u00e8le de mon\u00e9tisation et notre engagement \u00e0 la transparence ; notre objectif : introduire \u00e0 la crypto et r\u00e9unir une banque de donn\u00e9es de ressources (presque) non-biais\u00e9es.<\/p>\n","protected":false},"author":41,"featured_media":6941,"parent":0,"menu_order":0,"comment_status":"closed","ping_status":"closed","template":"","meta":{"_acf_changed":false,"inline_featured_image":false,"footnotes":""},"class_list":["post-9708","page","type-page","status-publish","has-post-thumbnail","hentry"],"acf":[],"yoast_head":"<!-- This site is optimized with the Yoast SEO Premium plugin v23.0 (Yoast SEO v23.5) - https:\/\/yoast.com\/wordpress\/plugins\/seo\/ -->\n<title>W3F Manifesto : Notre vision - Web3Factory<\/title>\n<meta name=\"robots\" content=\"index, follow, max-snippet:-1, max-image-preview:large, max-video-preview:-1\" \/>\n<link rel=\"canonical\" href=\"https:\/\/web3factory.net\/fr\/w3f-manifesto-notre-vision\/\" \/>\n<meta property=\"og:locale\" content=\"fr_FR\" \/>\n<meta property=\"og:type\" content=\"article\" \/>\n<meta property=\"og:title\" content=\"W3F Manifesto : Notre vision\" \/>\n<meta property=\"og:description\" content=\"Apprenez-en sur notre mod\u00e8le de mon\u00e9tisation et notre engagement \u00e0 la transparence ; notre objectif : introduire \u00e0 la crypto et r\u00e9unir une banque de donn\u00e9es de ressources (presque) non-biais\u00e9es.\" \/>\n<meta property=\"og:url\" content=\"https:\/\/web3factory.net\/fr\/w3f-manifesto-notre-vision\/\" \/>\n<meta property=\"og:site_name\" content=\"Web3Factory\" \/>\n<meta property=\"article:modified_time\" content=\"2024-10-28T22:36:44+00:00\" \/>\n<meta property=\"og:image\" content=\"https:\/\/preprod.web3factory.net\/wp-content\/uploads\/2024\/09\/W3Fbanner.png\" \/>\n\t<meta property=\"og:image:width\" content=\"840\" \/>\n\t<meta property=\"og:image:height\" content=\"472\" \/>\n\t<meta property=\"og:image:type\" content=\"image\/png\" \/>\n<meta name=\"twitter:card\" content=\"summary_large_image\" \/>\n<meta name=\"twitter:site\" content=\"@w3bfactory\" \/>\n<meta name=\"twitter:label1\" content=\"Dur\u00e9e de lecture estim\u00e9e\" \/>\n\t<meta name=\"twitter:data1\" content=\"2 minutes\" \/>\n<script type=\"application\/ld+json\" class=\"yoast-schema-graph\">{\"@context\":\"https:\/\/schema.org\",\"@graph\":[{\"@type\":\"WebPage\",\"@id\":\"https:\/\/web3factory.net\/fr\/w3f-manifesto-notre-vision\/\",\"url\":\"https:\/\/web3factory.net\/fr\/w3f-manifesto-notre-vision\/\",\"name\":\"W3F Manifesto : Notre vision - Web3Factory\",\"isPartOf\":{\"@id\":\"https:\/\/preprod.web3factory.net\/fr\/#website\"},\"primaryImageOfPage\":{\"@id\":\"https:\/\/web3factory.net\/fr\/w3f-manifesto-notre-vision\/#primaryimage\"},\"image\":{\"@id\":\"https:\/\/web3factory.net\/fr\/w3f-manifesto-notre-vision\/#primaryimage\"},\"thumbnailUrl\":\"https:\/\/web3factory.net\/wp-content\/uploads\/2024\/09\/W3Fbanner.png\",\"datePublished\":\"2024-09-30T19:57:58+00:00\",\"dateModified\":\"2024-10-28T22:36:44+00:00\",\"breadcrumb\":{\"@id\":\"https:\/\/web3factory.net\/fr\/w3f-manifesto-notre-vision\/#breadcrumb\"},\"inLanguage\":\"fr-FR\",\"potentialAction\":[{\"@type\":\"ReadAction\",\"target\":[\"https:\/\/web3factory.net\/fr\/w3f-manifesto-notre-vision\/\"]}]},{\"@type\":\"ImageObject\",\"inLanguage\":\"fr-FR\",\"@id\":\"https:\/\/web3factory.net\/fr\/w3f-manifesto-notre-vision\/#primaryimage\",\"url\":\"https:\/\/web3factory.net\/wp-content\/uploads\/2024\/09\/W3Fbanner.png\",\"contentUrl\":\"https:\/\/web3factory.net\/wp-content\/uploads\/2024\/09\/W3Fbanner.png\",\"width\":840,\"height\":472},{\"@type\":\"BreadcrumbList\",\"@id\":\"https:\/\/web3factory.net\/fr\/w3f-manifesto-notre-vision\/#breadcrumb\",\"itemListElement\":[{\"@type\":\"ListItem\",\"position\":1,\"name\":\"Home\",\"item\":\"https:\/\/preprod.web3factory.net\/fr\/\"},{\"@type\":\"ListItem\",\"position\":2,\"name\":\"W3F Manifesto : Notre vision\"}]},{\"@type\":\"WebSite\",\"@id\":\"https:\/\/preprod.web3factory.net\/fr\/#website\",\"url\":\"https:\/\/preprod.web3factory.net\/fr\/\",\"name\":\"Web3Factory\",\"description\":\"Crypto knowledge at your fingertips.\",\"publisher\":{\"@id\":\"https:\/\/preprod.web3factory.net\/fr\/#organization\"},\"potentialAction\":[{\"@type\":\"SearchAction\",\"target\":{\"@type\":\"EntryPoint\",\"urlTemplate\":\"https:\/\/preprod.web3factory.net\/fr\/?s={search_term_string}\"},\"query-input\":{\"@type\":\"PropertyValueSpecification\",\"valueRequired\":true,\"valueName\":\"search_term_string\"}}],\"inLanguage\":\"fr-FR\"},{\"@type\":\"Organization\",\"@id\":\"https:\/\/preprod.web3factory.net\/fr\/#organization\",\"name\":\"Web3Factory\",\"alternateName\":\"W3F\",\"url\":\"https:\/\/preprod.web3factory.net\/fr\/\",\"logo\":{\"@type\":\"ImageObject\",\"inLanguage\":\"fr-FR\",\"@id\":\"https:\/\/preprod.web3factory.net\/fr\/#\/schema\/logo\/image\/\",\"url\":\"https:\/\/web3factory.net\/wp-content\/uploads\/2023\/10\/logo_carre.png\",\"contentUrl\":\"https:\/\/web3factory.net\/wp-content\/uploads\/2023\/10\/logo_carre.png\",\"width\":418,\"height\":420,\"caption\":\"Web3Factory\"},\"image\":{\"@id\":\"https:\/\/preprod.web3factory.net\/fr\/#\/schema\/logo\/image\/\"},\"sameAs\":[\"https:\/\/x.com\/w3bfactory\"]}]}<\/script>\n<!-- \/ Yoast SEO Premium plugin. -->","yoast_head_json":{"title":"W3F Manifesto : Notre vision - Web3Factory","robots":{"index":"index","follow":"follow","max-snippet":"max-snippet:-1","max-image-preview":"max-image-preview:large","max-video-preview":"max-video-preview:-1"},"canonical":"https:\/\/web3factory.net\/fr\/w3f-manifesto-notre-vision\/","og_locale":"fr_FR","og_type":"article","og_title":"W3F Manifesto : Notre vision","og_description":"Apprenez-en sur notre mod\u00e8le de mon\u00e9tisation et notre engagement \u00e0 la transparence ; notre objectif : introduire \u00e0 la crypto et r\u00e9unir une banque de donn\u00e9es de ressources (presque) non-biais\u00e9es.","og_url":"https:\/\/web3factory.net\/fr\/w3f-manifesto-notre-vision\/","og_site_name":"Web3Factory","article_modified_time":"2024-10-28T22:36:44+00:00","og_image":[{"width":840,"height":472,"url":"https:\/\/preprod.web3factory.net\/wp-content\/uploads\/2024\/09\/W3Fbanner.png","type":"image\/png"}],"twitter_card":"summary_large_image","twitter_site":"@w3bfactory","twitter_misc":{"Dur\u00e9e de lecture estim\u00e9e":"2 minutes"},"schema":{"@context":"https:\/\/schema.org","@graph":[{"@type":"WebPage","@id":"https:\/\/web3factory.net\/fr\/w3f-manifesto-notre-vision\/","url":"https:\/\/web3factory.net\/fr\/w3f-manifesto-notre-vision\/","name":"W3F Manifesto : Notre vision - Web3Factory","isPartOf":{"@id":"https:\/\/preprod.web3factory.net\/fr\/#website"},"primaryImageOfPage":{"@id":"https:\/\/web3factory.net\/fr\/w3f-manifesto-notre-vision\/#primaryimage"},"image":{"@id":"https:\/\/web3factory.net\/fr\/w3f-manifesto-notre-vision\/#primaryimage"},"thumbnailUrl":"https:\/\/web3factory.net\/wp-content\/uploads\/2024\/09\/W3Fbanner.png","datePublished":"2024-09-30T19:57:58+00:00","dateModified":"2024-10-28T22:36:44+00:00","breadcrumb":{"@id":"https:\/\/web3factory.net\/fr\/w3f-manifesto-notre-vision\/#breadcrumb"},"inLanguage":"fr-FR","potentialAction":[{"@type":"ReadAction","target":["https:\/\/web3factory.net\/fr\/w3f-manifesto-notre-vision\/"]}]},{"@type":"ImageObject","inLanguage":"fr-FR","@id":"https:\/\/web3factory.net\/fr\/w3f-manifesto-notre-vision\/#primaryimage","url":"https:\/\/web3factory.net\/wp-content\/uploads\/2024\/09\/W3Fbanner.png","contentUrl":"https:\/\/web3factory.net\/wp-content\/uploads\/2024\/09\/W3Fbanner.png","width":840,"height":472},{"@type":"BreadcrumbList","@id":"https:\/\/web3factory.net\/fr\/w3f-manifesto-notre-vision\/#breadcrumb","itemListElement":[{"@type":"ListItem","position":1,"name":"Home","item":"https:\/\/preprod.web3factory.net\/fr\/"},{"@type":"ListItem","position":2,"name":"W3F Manifesto : Notre vision"}]},{"@type":"WebSite","@id":"https:\/\/preprod.web3factory.net\/fr\/#website","url":"https:\/\/preprod.web3factory.net\/fr\/","name":"Web3Factory","description":"Crypto knowledge at your fingertips.","publisher":{"@id":"https:\/\/preprod.web3factory.net\/fr\/#organization"},"potentialAction":[{"@type":"SearchAction","target":{"@type":"EntryPoint","urlTemplate":"https:\/\/preprod.web3factory.net\/fr\/?s={search_term_string}"},"query-input":{"@type":"PropertyValueSpecification","valueRequired":true,"valueName":"search_term_string"}}],"inLanguage":"fr-FR"},{"@type":"Organization","@id":"https:\/\/preprod.web3factory.net\/fr\/#organization","name":"Web3Factory","alternateName":"W3F","url":"https:\/\/preprod.web3factory.net\/fr\/","logo":{"@type":"ImageObject","inLanguage":"fr-FR","@id":"https:\/\/preprod.web3factory.net\/fr\/#\/schema\/logo\/image\/","url":"https:\/\/web3factory.net\/wp-content\/uploads\/2023\/10\/logo_carre.png","contentUrl":"https:\/\/web3factory.net\/wp-content\/uploads\/2023\/10\/logo_carre.png","width":418,"height":420,"caption":"Web3Factory"},"image":{"@id":"https:\/\/preprod.web3factory.net\/fr\/#\/schema\/logo\/image\/"},"sameAs":["https:\/\/x.com\/w3bfactory"]}]}},"_links":{"self":[{"href":"https:\/\/web3factory.net\/fr\/wp-json\/wp\/v2\/pages\/9708","targetHints":{"allow":["GET"]}}],"collection":[{"href":"https:\/\/web3factory.net\/fr\/wp-json\/wp\/v2\/pages"}],"about":[{"href":"https:\/\/web3factory.net\/fr\/wp-json\/wp\/v2\/types\/page"}],"author":[{"embeddable":true,"href":"https:\/\/web3factory.net\/fr\/wp-json\/wp\/v2\/users\/41"}],"replies":[{"embeddable":true,"href":"https:\/\/web3factory.net\/fr\/wp-json\/wp\/v2\/comments?post=9708"}],"version-history":[{"count":1,"href":"https:\/\/web3factory.net\/fr\/wp-json\/wp\/v2\/pages\/9708\/revisions"}],"predecessor-version":[{"id":9709,"href":"https:\/\/web3factory.net\/fr\/wp-json\/wp\/v2\/pages\/9708\/revisions\/9709"}],"wp:featuredmedia":[{"embeddable":true,"href":"https:\/\/web3factory.net\/fr\/wp-json\/wp\/v2\/media\/6941"}],"wp:attachment":[{"href":"https:\/\/web3factory.net\/fr\/wp-json\/wp\/v2\/media?parent=9708"}],"curies":[{"name":"wp","href":"https:\/\/api.w.org\/{rel}","templated":true}]}}