{"id":12619,"date":"2024-11-21T16:29:25","date_gmt":"2024-11-21T15:29:25","guid":{"rendered":"https:\/\/web3factory.net\/roadmap\/"},"modified":"2025-02-04T21:41:09","modified_gmt":"2025-02-04T20:41:09","slug":"roadmap","status":"publish","type":"page","link":"https:\/\/web3factory.net\/pt-pt\/roadmap\/","title":{"rendered":"Roadmap"},"content":{"rendered":"\t\t<div data-elementor-type=\"wp-page\" data-elementor-id=\"12619\" class=\"elementor elementor-12619 elementor-10234\" data-elementor-post-type=\"page\">\n\t\t\t\t<div class=\"elementor-element elementor-element-6e5904d0 e-con-full e-flex e-con e-parent\" data-id=\"6e5904d0\" data-element_type=\"container\">\n\t\t\t\t<div class=\"elementor-element elementor-element-10a7e75e elementor-widget__width-inherit elementor-widget elementor-widget-text-editor\" data-id=\"10a7e75e\" data-element_type=\"widget\" data-widget_type=\"text-editor.default\">\n\t\t\t\t<div class=\"elementor-widget-container\">\n\t\t\t\t\t\t\t\t\t<p style=\"text-align: center;\"><span style=\"font-size: 36pt;\">Roteiro de aprendizado de criptografia<\/span><\/p>\n<p style=\"text-align: center;\">Este roteiro \u00e9 um guia flex\u00edvel e n\u00e3o deve ser seguido \u00e0 risca.<\/p>\n<p style=\"text-align: center;\">A ordem vertical \u00e9 uma progress\u00e3o, mas tamb\u00e9m serve para fins de design e, obviamente, nem todos os t\u00f3picos s\u00e3o obrigat\u00f3rios.<\/p>\n<p style=\"text-align: center;\">Estas s\u00e3o, em sua maioria, sugest\u00f5es b\u00e1sicas destinadas a inspirar e orientar curiosos que est\u00e3o explorando o mundo das criptomoedas. Voc\u00ea n\u00e3o precisa ter conhecimento sobre tudo o que \u00e9 apresentado aqui. <\/p>\n<p style=\"text-align: center;\">Quando estiver totalmente conclu\u00eddo, cada t\u00f3pico ser\u00e1 clic\u00e1vel e levar\u00e1 a um artigo. Aproveite. <\/p>\n<br><br><br><iframe src=\"https:\/\/roadmap.sh\/r\/embed?id=67925d52db593e4a1756f226\" width=\"100%\" height=\"1000px\" frameborder=\"0\"><\/iframe>\t\t\t\t\t\t\t\t<\/div>\n\t\t\t\t<\/div>\n\t\t\t\t<\/div>\n\t\t\t\t<\/div>\n\t\t","protected":false},"excerpt":{"rendered":"<p>Este roteiro \u00e9 um guia flex\u00edvel, e trata-se principalmente de sugest\u00f5es b\u00e1sicas destinadas a inspirar e orientar curiosos que est\u00e3o explorando o mundo das criptomoedas.<\/p>\n","protected":false},"author":2,"featured_media":0,"parent":0,"menu_order":0,"comment_status":"closed","ping_status":"closed","template":"elementor_header_footer","meta":{"_acf_changed":false,"inline_featured_image":false,"footnotes":""},"class_list":["post-12619","page","type-page","status-publish","hentry"],"acf":[],"yoast_head":"<!-- This site is optimized with the Yoast SEO Premium plugin v23.0 (Yoast SEO v23.5) - https:\/\/yoast.com\/wordpress\/plugins\/seo\/ -->\n<title>Roadmap - Web3Factory<\/title>\n<meta name=\"robots\" content=\"index, follow, max-snippet:-1, max-image-preview:large, max-video-preview:-1\" \/>\n<link rel=\"canonical\" href=\"https:\/\/web3factory.net\/pt-pt\/roadmap\/\" \/>\n<meta property=\"og:locale\" content=\"pt_PT\" \/>\n<meta property=\"og:type\" content=\"article\" \/>\n<meta property=\"og:title\" content=\"Roadmap\" \/>\n<meta property=\"og:description\" content=\"Este roteiro \u00e9 um guia flex\u00edvel, e trata-se principalmente de sugest\u00f5es b\u00e1sicas destinadas a inspirar e orientar curiosos que est\u00e3o explorando o mundo das criptomoedas.\" \/>\n<meta property=\"og:url\" content=\"https:\/\/web3factory.net\/pt-pt\/roadmap\/\" \/>\n<meta property=\"og:site_name\" content=\"Web3Factory\" \/>\n<meta property=\"article:modified_time\" content=\"2025-02-04T20:41:09+00:00\" \/>\n<meta property=\"og:image\" content=\"https:\/\/web3factory.net\/wp-content\/uploads\/2024\/09\/W3Fbanner.webp\" \/>\n\t<meta property=\"og:image:width\" content=\"840\" \/>\n\t<meta property=\"og:image:height\" content=\"472\" \/>\n\t<meta property=\"og:image:type\" content=\"image\/webp\" \/>\n<meta name=\"twitter:card\" content=\"summary_large_image\" \/>\n<meta name=\"twitter:site\" content=\"@w3bfactory\" \/>\n<script type=\"application\/ld+json\" class=\"yoast-schema-graph\">{\"@context\":\"https:\/\/schema.org\",\"@graph\":[{\"@type\":\"WebPage\",\"@id\":\"https:\/\/web3factory.net\/pt-pt\/roadmap\/\",\"url\":\"https:\/\/web3factory.net\/pt-pt\/roadmap\/\",\"name\":\"Roadmap - Web3Factory\",\"isPartOf\":{\"@id\":\"https:\/\/preprod.web3factory.net\/pt-pt\/#website\"},\"datePublished\":\"2024-11-21T15:29:25+00:00\",\"dateModified\":\"2025-02-04T20:41:09+00:00\",\"breadcrumb\":{\"@id\":\"https:\/\/web3factory.net\/pt-pt\/roadmap\/#breadcrumb\"},\"inLanguage\":\"pt-PT\",\"potentialAction\":[{\"@type\":\"ReadAction\",\"target\":[\"https:\/\/web3factory.net\/pt-pt\/roadmap\/\"]}]},{\"@type\":\"BreadcrumbList\",\"@id\":\"https:\/\/web3factory.net\/pt-pt\/roadmap\/#breadcrumb\",\"itemListElement\":[{\"@type\":\"ListItem\",\"position\":1,\"name\":\"Home\",\"item\":\"https:\/\/preprod.web3factory.net\/pt-pt\/\"},{\"@type\":\"ListItem\",\"position\":2,\"name\":\"Roadmap\"}]},{\"@type\":\"WebSite\",\"@id\":\"https:\/\/preprod.web3factory.net\/pt-pt\/#website\",\"url\":\"https:\/\/preprod.web3factory.net\/pt-pt\/\",\"name\":\"Web3Factory\",\"description\":\"Crypto knowledge at your fingertips.\",\"publisher\":{\"@id\":\"https:\/\/preprod.web3factory.net\/pt-pt\/#organization\"},\"potentialAction\":[{\"@type\":\"SearchAction\",\"target\":{\"@type\":\"EntryPoint\",\"urlTemplate\":\"https:\/\/preprod.web3factory.net\/pt-pt\/?s={search_term_string}\"},\"query-input\":{\"@type\":\"PropertyValueSpecification\",\"valueRequired\":true,\"valueName\":\"search_term_string\"}}],\"inLanguage\":\"pt-PT\"},{\"@type\":\"Organization\",\"@id\":\"https:\/\/preprod.web3factory.net\/pt-pt\/#organization\",\"name\":\"Web3Factory\",\"alternateName\":\"W3F\",\"url\":\"https:\/\/preprod.web3factory.net\/pt-pt\/\",\"logo\":{\"@type\":\"ImageObject\",\"inLanguage\":\"pt-PT\",\"@id\":\"https:\/\/preprod.web3factory.net\/pt-pt\/#\/schema\/logo\/image\/\",\"url\":\"https:\/\/web3factory.net\/wp-content\/uploads\/2023\/10\/logo_carre.png\",\"contentUrl\":\"https:\/\/web3factory.net\/wp-content\/uploads\/2023\/10\/logo_carre.png\",\"width\":418,\"height\":420,\"caption\":\"Web3Factory\"},\"image\":{\"@id\":\"https:\/\/preprod.web3factory.net\/pt-pt\/#\/schema\/logo\/image\/\"},\"sameAs\":[\"https:\/\/x.com\/w3bfactory\"]}]}<\/script>\n<!-- \/ Yoast SEO Premium plugin. -->","yoast_head_json":{"title":"Roadmap - Web3Factory","robots":{"index":"index","follow":"follow","max-snippet":"max-snippet:-1","max-image-preview":"max-image-preview:large","max-video-preview":"max-video-preview:-1"},"canonical":"https:\/\/web3factory.net\/pt-pt\/roadmap\/","og_locale":"pt_PT","og_type":"article","og_title":"Roadmap","og_description":"Este roteiro \u00e9 um guia flex\u00edvel, e trata-se principalmente de sugest\u00f5es b\u00e1sicas destinadas a inspirar e orientar curiosos que est\u00e3o explorando o mundo das criptomoedas.","og_url":"https:\/\/web3factory.net\/pt-pt\/roadmap\/","og_site_name":"Web3Factory","article_modified_time":"2025-02-04T20:41:09+00:00","og_image":[{"width":840,"height":472,"url":"https:\/\/web3factory.net\/wp-content\/uploads\/2024\/09\/W3Fbanner.webp","type":"image\/webp"}],"twitter_card":"summary_large_image","twitter_site":"@w3bfactory","schema":{"@context":"https:\/\/schema.org","@graph":[{"@type":"WebPage","@id":"https:\/\/web3factory.net\/pt-pt\/roadmap\/","url":"https:\/\/web3factory.net\/pt-pt\/roadmap\/","name":"Roadmap - Web3Factory","isPartOf":{"@id":"https:\/\/preprod.web3factory.net\/pt-pt\/#website"},"datePublished":"2024-11-21T15:29:25+00:00","dateModified":"2025-02-04T20:41:09+00:00","breadcrumb":{"@id":"https:\/\/web3factory.net\/pt-pt\/roadmap\/#breadcrumb"},"inLanguage":"pt-PT","potentialAction":[{"@type":"ReadAction","target":["https:\/\/web3factory.net\/pt-pt\/roadmap\/"]}]},{"@type":"BreadcrumbList","@id":"https:\/\/web3factory.net\/pt-pt\/roadmap\/#breadcrumb","itemListElement":[{"@type":"ListItem","position":1,"name":"Home","item":"https:\/\/preprod.web3factory.net\/pt-pt\/"},{"@type":"ListItem","position":2,"name":"Roadmap"}]},{"@type":"WebSite","@id":"https:\/\/preprod.web3factory.net\/pt-pt\/#website","url":"https:\/\/preprod.web3factory.net\/pt-pt\/","name":"Web3Factory","description":"Crypto knowledge at your fingertips.","publisher":{"@id":"https:\/\/preprod.web3factory.net\/pt-pt\/#organization"},"potentialAction":[{"@type":"SearchAction","target":{"@type":"EntryPoint","urlTemplate":"https:\/\/preprod.web3factory.net\/pt-pt\/?s={search_term_string}"},"query-input":{"@type":"PropertyValueSpecification","valueRequired":true,"valueName":"search_term_string"}}],"inLanguage":"pt-PT"},{"@type":"Organization","@id":"https:\/\/preprod.web3factory.net\/pt-pt\/#organization","name":"Web3Factory","alternateName":"W3F","url":"https:\/\/preprod.web3factory.net\/pt-pt\/","logo":{"@type":"ImageObject","inLanguage":"pt-PT","@id":"https:\/\/preprod.web3factory.net\/pt-pt\/#\/schema\/logo\/image\/","url":"https:\/\/web3factory.net\/wp-content\/uploads\/2023\/10\/logo_carre.png","contentUrl":"https:\/\/web3factory.net\/wp-content\/uploads\/2023\/10\/logo_carre.png","width":418,"height":420,"caption":"Web3Factory"},"image":{"@id":"https:\/\/preprod.web3factory.net\/pt-pt\/#\/schema\/logo\/image\/"},"sameAs":["https:\/\/x.com\/w3bfactory"]}]}},"_links":{"self":[{"href":"https:\/\/web3factory.net\/pt-pt\/wp-json\/wp\/v2\/pages\/12619","targetHints":{"allow":["GET"]}}],"collection":[{"href":"https:\/\/web3factory.net\/pt-pt\/wp-json\/wp\/v2\/pages"}],"about":[{"href":"https:\/\/web3factory.net\/pt-pt\/wp-json\/wp\/v2\/types\/page"}],"author":[{"embeddable":true,"href":"https:\/\/web3factory.net\/pt-pt\/wp-json\/wp\/v2\/users\/2"}],"replies":[{"embeddable":true,"href":"https:\/\/web3factory.net\/pt-pt\/wp-json\/wp\/v2\/comments?post=12619"}],"version-history":[{"count":1,"href":"https:\/\/web3factory.net\/pt-pt\/wp-json\/wp\/v2\/pages\/12619\/revisions"}],"predecessor-version":[{"id":12620,"href":"https:\/\/web3factory.net\/pt-pt\/wp-json\/wp\/v2\/pages\/12619\/revisions\/12620"}],"wp:attachment":[{"href":"https:\/\/web3factory.net\/pt-pt\/wp-json\/wp\/v2\/media?parent=12619"}],"curies":[{"name":"wp","href":"https:\/\/api.w.org\/{rel}","templated":true}]}}