{"id":9627,"date":"2024-09-29T02:24:32","date_gmt":"2024-09-29T00:24:32","guid":{"rendered":"https:\/\/web3factory.net\/?page_id=9627"},"modified":"2025-02-03T20:46:41","modified_gmt":"2025-02-03T19:46:41","slug":"monetizacao-transparencia","status":"publish","type":"page","link":"https:\/\/web3factory.net\/pt-pt\/monetizacao-transparencia\/","title":{"rendered":"Monetiza\u00e7\u00e3o &#038; Transpar\u00eancia"},"content":{"rendered":"\t\t<div data-elementor-type=\"wp-page\" data-elementor-id=\"9627\" class=\"elementor elementor-9627 elementor-6109\" data-elementor-post-type=\"page\">\n\t\t\t\t\t\t<section class=\"elementor-section elementor-top-section elementor-element elementor-element-4a3acea elementor-section-boxed elementor-section-height-default elementor-section-height-default\" data-id=\"4a3acea\" data-element_type=\"section\">\n\t\t\t\t\t\t<div class=\"elementor-container elementor-column-gap-default\">\n\t\t\t\t\t<div class=\"elementor-column elementor-col-100 elementor-top-column elementor-element elementor-element-5adbc7f4\" data-id=\"5adbc7f4\" data-element_type=\"column\">\n\t\t\t<div class=\"elementor-widget-wrap elementor-element-populated\">\n\t\t\t\t\t\t<div class=\"elementor-element elementor-element-71b59e58 elementor-widget elementor-widget-text-editor\" data-id=\"71b59e58\" data-element_type=\"widget\" data-widget_type=\"text-editor.default\">\n\t\t\t\t<div class=\"elementor-widget-container\">\n\t\t\t\t\t\t\t\t\t<h1>Monetiza\u00e7\u00e3o &#038; Transpar\u00eancia: Aviso Legal<\/h1>\n<p class=\"last-updated\">\u00daltima atualiza\u00e7\u00e3o: <time datetime=\"2024-09-29\">29 de setembro de 2024<\/time><\/p>\n<b>A Web3Factory nunca cobrar\u00e1 de seus usu\u00e1rios por qualquer tipo de conte\u00fado.<\/b>\n<h2>Afilia\u00e7\u00e3o:<\/h2>\nEstamos comprometidos em fornecer conte\u00fado de qualidade gratuitamente e dar o devido cr\u00e9dito a todos aqueles que contribuem e nos ajudam a ensinar sobre criptomoedas.\nA Web3Factory ser\u00e1 monetizada principalmente atrav\u00e9s de programas de afilia\u00e7\u00e3o, pelos quais receberemos uma comiss\u00e3o, o que nos permitir\u00e1 oferecer todo o nosso conte\u00fado gratuitamente e sem custos para o usu\u00e1rio.\n<h2>Conte\u00fado patrocinado:<\/h2>\nPara conte\u00fado patrocinado, analisamos cuidadosamente cada solicita\u00e7\u00e3o para garantir que o conte\u00fado seja relevante, qualitativo e leg\u00edtimo.\nSe o conte\u00fado for patrocinado, mencionaremos isso, pois a transpar\u00eancia \u00e9 algo importante para n\u00f3s.\nEm rela\u00e7\u00e3o \u00e0s ferramentas, apenas aquelas que realmente utilizamos ser\u00e3o recomendadas, para garantir a autenticidade de nossos conselhos.\n<h2>Due Diligence:<\/h2>\nEmbora nos certifiquemos de que a due diligence seja realizada com cuidado, n\u00e3o podemos garantir que os projetos\/ferramentas que apresentamos n\u00e3o possam ser afetados por fatores externos, como hackers, sa\u00edda do fundador, venda do projeto, etc.\nCada leitor deve realizar sua pr\u00f3pria due diligence (suas pesquisas e verifica\u00e7\u00f5es) antes de investir em projetos. Nada do que escrevemos constitui aconselhamento financeiro, e a Web3Factory n\u00e3o pode ser responsabilizada por eventuais perdas financeiras.\t\t\t\t\t\t\t\t<\/div>\n\t\t\t\t<\/div>\n\t\t\t\t\t<\/div>\n\t\t<\/div>\n\t\t\t\t\t<\/div>\n\t\t<\/section>\n\t\t\t\t<\/div>\n\t\t","protected":false},"excerpt":{"rendered":"<p>Monetiza\u00e7\u00e3o &#038; Transpar\u00eancia: Aviso Legal \u00daltima atualiza\u00e7\u00e3o: 29 de setembro de 2024 A Web3Factory nunca cobrar\u00e1 de seus usu\u00e1rios por qualquer tipo de conte\u00fado. Afilia\u00e7\u00e3o: Estamos comprometidos em fornecer conte\u00fado de qualidade gratuitamente e dar o devido cr\u00e9dito a todos aqueles que contribuem e nos ajudam a ensinar sobre criptomoedas. A Web3Factory ser\u00e1 monetizada principalmente [&hellip;]<\/p>\n","protected":false},"author":2,"featured_media":0,"parent":0,"menu_order":0,"comment_status":"closed","ping_status":"closed","template":"","meta":{"_acf_changed":false,"inline_featured_image":false,"footnotes":""},"class_list":["post-9627","page","type-page","status-publish","hentry"],"acf":[],"yoast_head":"<!-- This site is optimized with the Yoast SEO Premium plugin v23.0 (Yoast SEO v23.5) - https:\/\/yoast.com\/wordpress\/plugins\/seo\/ -->\n<title>Monetiza\u00e7\u00e3o &amp; Transpar\u00eancia - Web3Factory<\/title>\n<meta name=\"robots\" content=\"index, follow, max-snippet:-1, max-image-preview:large, max-video-preview:-1\" \/>\n<link rel=\"canonical\" href=\"https:\/\/web3factory.net\/pt-pt\/monetizacao-transparencia\/\" \/>\n<meta property=\"og:locale\" content=\"pt_PT\" \/>\n<meta property=\"og:type\" content=\"article\" \/>\n<meta property=\"og:title\" content=\"Monetiza\u00e7\u00e3o &amp; Transpar\u00eancia\" \/>\n<meta property=\"og:description\" content=\"Monetiza\u00e7\u00e3o &#038; Transpar\u00eancia: Aviso Legal \u00daltima atualiza\u00e7\u00e3o: 29 de setembro de 2024 A Web3Factory nunca cobrar\u00e1 de seus usu\u00e1rios por qualquer tipo de conte\u00fado. Afilia\u00e7\u00e3o: Estamos comprometidos em fornecer conte\u00fado de qualidade gratuitamente e dar o devido cr\u00e9dito a todos aqueles que contribuem e nos ajudam a ensinar sobre criptomoedas. A Web3Factory ser\u00e1 monetizada principalmente [&hellip;]\" \/>\n<meta property=\"og:url\" content=\"https:\/\/web3factory.net\/pt-pt\/monetizacao-transparencia\/\" \/>\n<meta property=\"og:site_name\" content=\"Web3Factory\" \/>\n<meta property=\"article:modified_time\" content=\"2025-02-03T19:46:41+00:00\" \/>\n<meta property=\"og:image\" content=\"https:\/\/web3factory.net\/wp-content\/uploads\/2024\/09\/W3Fbanner.webp\" \/>\n\t<meta property=\"og:image:width\" content=\"840\" \/>\n\t<meta property=\"og:image:height\" content=\"472\" \/>\n\t<meta property=\"og:image:type\" content=\"image\/webp\" \/>\n<meta name=\"twitter:card\" content=\"summary_large_image\" \/>\n<meta name=\"twitter:site\" content=\"@w3bfactory\" \/>\n<meta name=\"twitter:label1\" content=\"Tempo estimado de leitura\" \/>\n\t<meta name=\"twitter:data1\" content=\"2 minutos\" \/>\n<script type=\"application\/ld+json\" class=\"yoast-schema-graph\">{\"@context\":\"https:\/\/schema.org\",\"@graph\":[{\"@type\":\"WebPage\",\"@id\":\"https:\/\/web3factory.net\/pt-pt\/monetizacao-transparencia\/\",\"url\":\"https:\/\/web3factory.net\/pt-pt\/monetizacao-transparencia\/\",\"name\":\"Monetiza\u00e7\u00e3o & Transpar\u00eancia - Web3Factory\",\"isPartOf\":{\"@id\":\"https:\/\/preprod.web3factory.net\/pt-pt\/#website\"},\"datePublished\":\"2024-09-29T00:24:32+00:00\",\"dateModified\":\"2025-02-03T19:46:41+00:00\",\"breadcrumb\":{\"@id\":\"https:\/\/web3factory.net\/pt-pt\/monetizacao-transparencia\/#breadcrumb\"},\"inLanguage\":\"pt-PT\",\"potentialAction\":[{\"@type\":\"ReadAction\",\"target\":[\"https:\/\/web3factory.net\/pt-pt\/monetizacao-transparencia\/\"]}]},{\"@type\":\"BreadcrumbList\",\"@id\":\"https:\/\/web3factory.net\/pt-pt\/monetizacao-transparencia\/#breadcrumb\",\"itemListElement\":[{\"@type\":\"ListItem\",\"position\":1,\"name\":\"Home\",\"item\":\"https:\/\/preprod.web3factory.net\/pt-pt\/\"},{\"@type\":\"ListItem\",\"position\":2,\"name\":\"Monetiza\u00e7\u00e3o &#038; Transpar\u00eancia\"}]},{\"@type\":\"WebSite\",\"@id\":\"https:\/\/preprod.web3factory.net\/pt-pt\/#website\",\"url\":\"https:\/\/preprod.web3factory.net\/pt-pt\/\",\"name\":\"Web3Factory\",\"description\":\"Crypto knowledge at your fingertips.\",\"publisher\":{\"@id\":\"https:\/\/preprod.web3factory.net\/pt-pt\/#organization\"},\"potentialAction\":[{\"@type\":\"SearchAction\",\"target\":{\"@type\":\"EntryPoint\",\"urlTemplate\":\"https:\/\/preprod.web3factory.net\/pt-pt\/?s={search_term_string}\"},\"query-input\":{\"@type\":\"PropertyValueSpecification\",\"valueRequired\":true,\"valueName\":\"search_term_string\"}}],\"inLanguage\":\"pt-PT\"},{\"@type\":\"Organization\",\"@id\":\"https:\/\/preprod.web3factory.net\/pt-pt\/#organization\",\"name\":\"Web3Factory\",\"alternateName\":\"W3F\",\"url\":\"https:\/\/preprod.web3factory.net\/pt-pt\/\",\"logo\":{\"@type\":\"ImageObject\",\"inLanguage\":\"pt-PT\",\"@id\":\"https:\/\/preprod.web3factory.net\/pt-pt\/#\/schema\/logo\/image\/\",\"url\":\"https:\/\/web3factory.net\/wp-content\/uploads\/2023\/10\/logo_carre.png\",\"contentUrl\":\"https:\/\/web3factory.net\/wp-content\/uploads\/2023\/10\/logo_carre.png\",\"width\":418,\"height\":420,\"caption\":\"Web3Factory\"},\"image\":{\"@id\":\"https:\/\/preprod.web3factory.net\/pt-pt\/#\/schema\/logo\/image\/\"},\"sameAs\":[\"https:\/\/x.com\/w3bfactory\"]}]}<\/script>\n<!-- \/ Yoast SEO Premium plugin. -->","yoast_head_json":{"title":"Monetiza\u00e7\u00e3o & Transpar\u00eancia - Web3Factory","robots":{"index":"index","follow":"follow","max-snippet":"max-snippet:-1","max-image-preview":"max-image-preview:large","max-video-preview":"max-video-preview:-1"},"canonical":"https:\/\/web3factory.net\/pt-pt\/monetizacao-transparencia\/","og_locale":"pt_PT","og_type":"article","og_title":"Monetiza\u00e7\u00e3o & Transpar\u00eancia","og_description":"Monetiza\u00e7\u00e3o &#038; Transpar\u00eancia: Aviso Legal \u00daltima atualiza\u00e7\u00e3o: 29 de setembro de 2024 A Web3Factory nunca cobrar\u00e1 de seus usu\u00e1rios por qualquer tipo de conte\u00fado. Afilia\u00e7\u00e3o: Estamos comprometidos em fornecer conte\u00fado de qualidade gratuitamente e dar o devido cr\u00e9dito a todos aqueles que contribuem e nos ajudam a ensinar sobre criptomoedas. A Web3Factory ser\u00e1 monetizada principalmente [&hellip;]","og_url":"https:\/\/web3factory.net\/pt-pt\/monetizacao-transparencia\/","og_site_name":"Web3Factory","article_modified_time":"2025-02-03T19:46:41+00:00","og_image":[{"width":840,"height":472,"url":"https:\/\/web3factory.net\/wp-content\/uploads\/2024\/09\/W3Fbanner.webp","type":"image\/webp"}],"twitter_card":"summary_large_image","twitter_site":"@w3bfactory","twitter_misc":{"Tempo estimado de leitura":"2 minutos"},"schema":{"@context":"https:\/\/schema.org","@graph":[{"@type":"WebPage","@id":"https:\/\/web3factory.net\/pt-pt\/monetizacao-transparencia\/","url":"https:\/\/web3factory.net\/pt-pt\/monetizacao-transparencia\/","name":"Monetiza\u00e7\u00e3o & Transpar\u00eancia - Web3Factory","isPartOf":{"@id":"https:\/\/preprod.web3factory.net\/pt-pt\/#website"},"datePublished":"2024-09-29T00:24:32+00:00","dateModified":"2025-02-03T19:46:41+00:00","breadcrumb":{"@id":"https:\/\/web3factory.net\/pt-pt\/monetizacao-transparencia\/#breadcrumb"},"inLanguage":"pt-PT","potentialAction":[{"@type":"ReadAction","target":["https:\/\/web3factory.net\/pt-pt\/monetizacao-transparencia\/"]}]},{"@type":"BreadcrumbList","@id":"https:\/\/web3factory.net\/pt-pt\/monetizacao-transparencia\/#breadcrumb","itemListElement":[{"@type":"ListItem","position":1,"name":"Home","item":"https:\/\/preprod.web3factory.net\/pt-pt\/"},{"@type":"ListItem","position":2,"name":"Monetiza\u00e7\u00e3o &#038; Transpar\u00eancia"}]},{"@type":"WebSite","@id":"https:\/\/preprod.web3factory.net\/pt-pt\/#website","url":"https:\/\/preprod.web3factory.net\/pt-pt\/","name":"Web3Factory","description":"Crypto knowledge at your fingertips.","publisher":{"@id":"https:\/\/preprod.web3factory.net\/pt-pt\/#organization"},"potentialAction":[{"@type":"SearchAction","target":{"@type":"EntryPoint","urlTemplate":"https:\/\/preprod.web3factory.net\/pt-pt\/?s={search_term_string}"},"query-input":{"@type":"PropertyValueSpecification","valueRequired":true,"valueName":"search_term_string"}}],"inLanguage":"pt-PT"},{"@type":"Organization","@id":"https:\/\/preprod.web3factory.net\/pt-pt\/#organization","name":"Web3Factory","alternateName":"W3F","url":"https:\/\/preprod.web3factory.net\/pt-pt\/","logo":{"@type":"ImageObject","inLanguage":"pt-PT","@id":"https:\/\/preprod.web3factory.net\/pt-pt\/#\/schema\/logo\/image\/","url":"https:\/\/web3factory.net\/wp-content\/uploads\/2023\/10\/logo_carre.png","contentUrl":"https:\/\/web3factory.net\/wp-content\/uploads\/2023\/10\/logo_carre.png","width":418,"height":420,"caption":"Web3Factory"},"image":{"@id":"https:\/\/preprod.web3factory.net\/pt-pt\/#\/schema\/logo\/image\/"},"sameAs":["https:\/\/x.com\/w3bfactory"]}]}},"_links":{"self":[{"href":"https:\/\/web3factory.net\/pt-pt\/wp-json\/wp\/v2\/pages\/9627","targetHints":{"allow":["GET"]}}],"collection":[{"href":"https:\/\/web3factory.net\/pt-pt\/wp-json\/wp\/v2\/pages"}],"about":[{"href":"https:\/\/web3factory.net\/pt-pt\/wp-json\/wp\/v2\/types\/page"}],"author":[{"embeddable":true,"href":"https:\/\/web3factory.net\/pt-pt\/wp-json\/wp\/v2\/users\/2"}],"replies":[{"embeddable":true,"href":"https:\/\/web3factory.net\/pt-pt\/wp-json\/wp\/v2\/comments?post=9627"}],"version-history":[{"count":5,"href":"https:\/\/web3factory.net\/pt-pt\/wp-json\/wp\/v2\/pages\/9627\/revisions"}],"predecessor-version":[{"id":12086,"href":"https:\/\/web3factory.net\/pt-pt\/wp-json\/wp\/v2\/pages\/9627\/revisions\/12086"}],"wp:attachment":[{"href":"https:\/\/web3factory.net\/pt-pt\/wp-json\/wp\/v2\/media?parent=9627"}],"curies":[{"name":"wp","href":"https:\/\/api.w.org\/{rel}","templated":true}]}}