{"id":9710,"date":"2024-09-30T21:57:58","date_gmt":"2024-09-30T19:57:58","guid":{"rendered":"https:\/\/web3factory.net\/manifesto-da-w3f-nossa-visao\/"},"modified":"2024-10-28T23:39:09","modified_gmt":"2024-10-28T22:39:09","slug":"manifesto-da-w3f-nossa-visao","status":"publish","type":"page","link":"https:\/\/web3factory.net\/pt-pt\/manifesto-da-w3f-nossa-visao\/","title":{"rendered":"Manifesto da W3F: Nossa vis\u00e3o"},"content":{"rendered":"\t\t<div data-elementor-type=\"wp-page\" data-elementor-id=\"9710\" class=\"elementor elementor-9710 elementor-6227\" data-elementor-post-type=\"page\">\n\t\t\t\t\t\t<section class=\"elementor-section elementor-top-section elementor-element elementor-element-4a3acea elementor-section-boxed elementor-section-height-default elementor-section-height-default\" data-id=\"4a3acea\" data-element_type=\"section\">\n\t\t\t\t\t\t<div class=\"elementor-container elementor-column-gap-default\">\n\t\t\t\t\t<div class=\"elementor-column elementor-col-100 elementor-top-column elementor-element elementor-element-5adbc7f4\" data-id=\"5adbc7f4\" data-element_type=\"column\">\n\t\t\t<div class=\"elementor-widget-wrap elementor-element-populated\">\n\t\t\t\t\t\t<div class=\"elementor-element elementor-element-71b59e58 elementor-widget elementor-widget-text-editor\" data-id=\"71b59e58\" data-element_type=\"widget\" data-widget_type=\"text-editor.default\">\n\t\t\t\t<div class=\"elementor-widget-container\">\n\t\t\t\t\t\t\t\t\t<p><strong>O Manifesto: Nossa vis\u00e3o<br \/><\/strong><\/p>\n<p>Na Web3Factory (W3F), nossa vis\u00e3o \u00e9 criar um banco de dados extenso e em constante evolu\u00e7\u00e3o de recursos que atendam a usu\u00e1rios de <strong>todos os n\u00edveis<\/strong>, sejam eles <strong>novatos<\/strong>, <strong>entusiastas experientes<\/strong> ou <strong>especialistas do setor<\/strong>.<\/p>\n<p>Nosso objetivo \u00e9 que a W3F se torne a plataforma de refer\u00eancia n\u00e3o apenas para <strong>integrar as pessoas<\/strong> ao mundo das criptomoedas, mas tamb\u00e9m para oferecer um <strong>ambiente acolhedor e envolvente<\/strong> para <strong>aprender, manter-se informado<\/strong> e <strong>criar projetos<\/strong> com a orienta\u00e7\u00e3o de profissionais experientes, em v\u00e1rios idiomas.<\/p>\n<p>Temos o compromisso de garantir que <span style=\"text-decoration: underline;\">todo o conte\u00fado da W3F seja sempre de livre acesso<\/span>, pois acreditamos que o conhecimento, especialmente em um ecossistema t\u00e3o transformador quanto a Web3, nunca deve ser limitado por barreiras financeiras.<\/p>\n<p>Para os curiosos sobre como garantimos conte\u00fado imparcial e sustentamos nossas opera\u00e7\u00f5es, convidamos voc\u00ea a conferir nossa p\u00e1gina <a href=\"https:\/\/web3factory.net\/monetization-and-transparency\/\" target=\"_blank\" rel=\"noopener\">Monetiza\u00e7\u00e3o e transpar\u00eancia<\/a>.<\/p>\n<p>A longo prazo, o Web3Factory evoluir\u00e1 para um <b>centro colaborativo<\/b> no qual a comunidade poder\u00e1 contribuir e compartilhar conhecimento.<\/p>\n<p>Garantiremos que todas as contribui\u00e7\u00f5es sejam cuidadosamente supervisionadas, pois reconhecemos que, em qualquer espa\u00e7o que envolva dinheiro, h\u00e1 a possibilidade de haver pessoas mal intencionadas.<\/p>\n<p>Nosso compromisso \u00e9 manter esta plataforma como um <strong>espa\u00e7o seguro e confi\u00e1vel<\/strong> onde os usu\u00e1rios possam <strong>aprender <\/strong>e<strong> colaborar<\/strong> sem medo de golpes ou desinforma\u00e7\u00e3o.<\/p>\n<p>N\u00f3s nos dedicamos a criar um ecossistema vibrante e inclusivo para explorar e aprofundar sua compreens\u00e3o de todos os aspectos do cen\u00e1rio de criptografia &#8211; sejam t\u00f3picos amplos ou os detalhes mais intrincados.<\/p>\n<p>Juntos, podemos construir um futuro em que o acesso ao conhecimento de criptografia confi\u00e1vel e orientado por especialistas esteja aberto a todos.<\/p>\n<p style=\"text-align: center;\">Atenciosamente,<\/p>\n<p style=\"text-align: center;\"><strong>A equipe da W3F.<\/strong><\/p>\n\t\t\t\t\t\t\t\t<\/div>\n\t\t\t\t<\/div>\n\t\t\t\t\t<\/div>\n\t\t<\/div>\n\t\t\t\t\t<\/div>\n\t\t<\/section>\n\t\t\t\t<\/div>\n\t\t","protected":false},"excerpt":{"rendered":"<p>Saiba mais sobre nosso modelo de monetiza\u00e7\u00e3o e nosso compromisso com a transpar\u00eancia no fornecimento de educa\u00e7\u00e3o e recursos imparciais sobre criptomoedas.<\/p>\n","protected":false},"author":41,"featured_media":7749,"parent":0,"menu_order":0,"comment_status":"closed","ping_status":"closed","template":"","meta":{"_acf_changed":false,"inline_featured_image":false,"footnotes":""},"class_list":["post-9710","page","type-page","status-publish","has-post-thumbnail","hentry"],"acf":[],"yoast_head":"<!-- This site is optimized with the Yoast SEO Premium plugin v23.0 (Yoast SEO v23.5) - https:\/\/yoast.com\/wordpress\/plugins\/seo\/ -->\n<title>Manifesto da W3F: Nossa vis\u00e3o - Web3Factory<\/title>\n<meta name=\"robots\" content=\"index, follow, max-snippet:-1, max-image-preview:large, max-video-preview:-1\" \/>\n<link rel=\"canonical\" href=\"https:\/\/web3factory.net\/pt-pt\/manifesto-da-w3f-nossa-visao\/\" \/>\n<meta property=\"og:locale\" content=\"pt_PT\" \/>\n<meta property=\"og:type\" content=\"article\" \/>\n<meta property=\"og:title\" content=\"Manifesto da W3F: Nossa vis\u00e3o\" \/>\n<meta property=\"og:description\" content=\"Saiba mais sobre nosso modelo de monetiza\u00e7\u00e3o e nosso compromisso com a transpar\u00eancia no fornecimento de educa\u00e7\u00e3o e recursos imparciais sobre criptomoedas.\" \/>\n<meta property=\"og:url\" content=\"https:\/\/web3factory.net\/pt-pt\/manifesto-da-w3f-nossa-visao\/\" \/>\n<meta property=\"og:site_name\" content=\"Web3Factory\" \/>\n<meta property=\"article:modified_time\" content=\"2024-10-28T22:39:09+00:00\" \/>\n<meta property=\"og:image\" content=\"https:\/\/web3factory.net\/wp-content\/uploads\/2024\/09\/W3Fbanner.png\" \/>\n\t<meta property=\"og:image:width\" content=\"840\" \/>\n\t<meta property=\"og:image:height\" content=\"472\" \/>\n\t<meta property=\"og:image:type\" content=\"image\/png\" \/>\n<meta name=\"twitter:card\" content=\"summary_large_image\" \/>\n<meta name=\"twitter:site\" content=\"@w3bfactory\" \/>\n<meta name=\"twitter:label1\" content=\"Tempo estimado de leitura\" \/>\n\t<meta name=\"twitter:data1\" content=\"2 minutos\" \/>\n<script type=\"application\/ld+json\" class=\"yoast-schema-graph\">{\"@context\":\"https:\/\/schema.org\",\"@graph\":[{\"@type\":\"WebPage\",\"@id\":\"https:\/\/web3factory.net\/pt-pt\/manifesto-da-w3f-nossa-visao\/\",\"url\":\"https:\/\/web3factory.net\/pt-pt\/manifesto-da-w3f-nossa-visao\/\",\"name\":\"Manifesto da W3F: Nossa vis\u00e3o - Web3Factory\",\"isPartOf\":{\"@id\":\"https:\/\/preprod.web3factory.net\/pt-pt\/#website\"},\"primaryImageOfPage\":{\"@id\":\"https:\/\/web3factory.net\/pt-pt\/manifesto-da-w3f-nossa-visao\/#primaryimage\"},\"image\":{\"@id\":\"https:\/\/web3factory.net\/pt-pt\/manifesto-da-w3f-nossa-visao\/#primaryimage\"},\"thumbnailUrl\":\"https:\/\/web3factory.net\/wp-content\/uploads\/2024\/09\/W3Fbanner.png\",\"datePublished\":\"2024-09-30T19:57:58+00:00\",\"dateModified\":\"2024-10-28T22:39:09+00:00\",\"breadcrumb\":{\"@id\":\"https:\/\/web3factory.net\/pt-pt\/manifesto-da-w3f-nossa-visao\/#breadcrumb\"},\"inLanguage\":\"pt-PT\",\"potentialAction\":[{\"@type\":\"ReadAction\",\"target\":[\"https:\/\/web3factory.net\/pt-pt\/manifesto-da-w3f-nossa-visao\/\"]}]},{\"@type\":\"ImageObject\",\"inLanguage\":\"pt-PT\",\"@id\":\"https:\/\/web3factory.net\/pt-pt\/manifesto-da-w3f-nossa-visao\/#primaryimage\",\"url\":\"https:\/\/web3factory.net\/wp-content\/uploads\/2024\/09\/W3Fbanner.png\",\"contentUrl\":\"https:\/\/web3factory.net\/wp-content\/uploads\/2024\/09\/W3Fbanner.png\",\"width\":840,\"height\":472},{\"@type\":\"BreadcrumbList\",\"@id\":\"https:\/\/web3factory.net\/pt-pt\/manifesto-da-w3f-nossa-visao\/#breadcrumb\",\"itemListElement\":[{\"@type\":\"ListItem\",\"position\":1,\"name\":\"Home\",\"item\":\"https:\/\/preprod.web3factory.net\/pt-pt\/\"},{\"@type\":\"ListItem\",\"position\":2,\"name\":\"Manifesto da W3F: Nossa vis\u00e3o\"}]},{\"@type\":\"WebSite\",\"@id\":\"https:\/\/preprod.web3factory.net\/pt-pt\/#website\",\"url\":\"https:\/\/preprod.web3factory.net\/pt-pt\/\",\"name\":\"Web3Factory\",\"description\":\"Crypto knowledge at your fingertips.\",\"publisher\":{\"@id\":\"https:\/\/preprod.web3factory.net\/pt-pt\/#organization\"},\"potentialAction\":[{\"@type\":\"SearchAction\",\"target\":{\"@type\":\"EntryPoint\",\"urlTemplate\":\"https:\/\/preprod.web3factory.net\/pt-pt\/?s={search_term_string}\"},\"query-input\":{\"@type\":\"PropertyValueSpecification\",\"valueRequired\":true,\"valueName\":\"search_term_string\"}}],\"inLanguage\":\"pt-PT\"},{\"@type\":\"Organization\",\"@id\":\"https:\/\/preprod.web3factory.net\/pt-pt\/#organization\",\"name\":\"Web3Factory\",\"alternateName\":\"W3F\",\"url\":\"https:\/\/preprod.web3factory.net\/pt-pt\/\",\"logo\":{\"@type\":\"ImageObject\",\"inLanguage\":\"pt-PT\",\"@id\":\"https:\/\/preprod.web3factory.net\/pt-pt\/#\/schema\/logo\/image\/\",\"url\":\"https:\/\/web3factory.net\/wp-content\/uploads\/2023\/10\/logo_carre.png\",\"contentUrl\":\"https:\/\/web3factory.net\/wp-content\/uploads\/2023\/10\/logo_carre.png\",\"width\":418,\"height\":420,\"caption\":\"Web3Factory\"},\"image\":{\"@id\":\"https:\/\/preprod.web3factory.net\/pt-pt\/#\/schema\/logo\/image\/\"},\"sameAs\":[\"https:\/\/x.com\/w3bfactory\"]}]}<\/script>\n<!-- \/ Yoast SEO Premium plugin. -->","yoast_head_json":{"title":"Manifesto da W3F: Nossa vis\u00e3o - Web3Factory","robots":{"index":"index","follow":"follow","max-snippet":"max-snippet:-1","max-image-preview":"max-image-preview:large","max-video-preview":"max-video-preview:-1"},"canonical":"https:\/\/web3factory.net\/pt-pt\/manifesto-da-w3f-nossa-visao\/","og_locale":"pt_PT","og_type":"article","og_title":"Manifesto da W3F: Nossa vis\u00e3o","og_description":"Saiba mais sobre nosso modelo de monetiza\u00e7\u00e3o e nosso compromisso com a transpar\u00eancia no fornecimento de educa\u00e7\u00e3o e recursos imparciais sobre criptomoedas.","og_url":"https:\/\/web3factory.net\/pt-pt\/manifesto-da-w3f-nossa-visao\/","og_site_name":"Web3Factory","article_modified_time":"2024-10-28T22:39:09+00:00","og_image":[{"width":840,"height":472,"url":"https:\/\/web3factory.net\/wp-content\/uploads\/2024\/09\/W3Fbanner.png","type":"image\/png"}],"twitter_card":"summary_large_image","twitter_site":"@w3bfactory","twitter_misc":{"Tempo estimado de leitura":"2 minutos"},"schema":{"@context":"https:\/\/schema.org","@graph":[{"@type":"WebPage","@id":"https:\/\/web3factory.net\/pt-pt\/manifesto-da-w3f-nossa-visao\/","url":"https:\/\/web3factory.net\/pt-pt\/manifesto-da-w3f-nossa-visao\/","name":"Manifesto da W3F: Nossa vis\u00e3o - Web3Factory","isPartOf":{"@id":"https:\/\/preprod.web3factory.net\/pt-pt\/#website"},"primaryImageOfPage":{"@id":"https:\/\/web3factory.net\/pt-pt\/manifesto-da-w3f-nossa-visao\/#primaryimage"},"image":{"@id":"https:\/\/web3factory.net\/pt-pt\/manifesto-da-w3f-nossa-visao\/#primaryimage"},"thumbnailUrl":"https:\/\/web3factory.net\/wp-content\/uploads\/2024\/09\/W3Fbanner.png","datePublished":"2024-09-30T19:57:58+00:00","dateModified":"2024-10-28T22:39:09+00:00","breadcrumb":{"@id":"https:\/\/web3factory.net\/pt-pt\/manifesto-da-w3f-nossa-visao\/#breadcrumb"},"inLanguage":"pt-PT","potentialAction":[{"@type":"ReadAction","target":["https:\/\/web3factory.net\/pt-pt\/manifesto-da-w3f-nossa-visao\/"]}]},{"@type":"ImageObject","inLanguage":"pt-PT","@id":"https:\/\/web3factory.net\/pt-pt\/manifesto-da-w3f-nossa-visao\/#primaryimage","url":"https:\/\/web3factory.net\/wp-content\/uploads\/2024\/09\/W3Fbanner.png","contentUrl":"https:\/\/web3factory.net\/wp-content\/uploads\/2024\/09\/W3Fbanner.png","width":840,"height":472},{"@type":"BreadcrumbList","@id":"https:\/\/web3factory.net\/pt-pt\/manifesto-da-w3f-nossa-visao\/#breadcrumb","itemListElement":[{"@type":"ListItem","position":1,"name":"Home","item":"https:\/\/preprod.web3factory.net\/pt-pt\/"},{"@type":"ListItem","position":2,"name":"Manifesto da W3F: Nossa vis\u00e3o"}]},{"@type":"WebSite","@id":"https:\/\/preprod.web3factory.net\/pt-pt\/#website","url":"https:\/\/preprod.web3factory.net\/pt-pt\/","name":"Web3Factory","description":"Crypto knowledge at your fingertips.","publisher":{"@id":"https:\/\/preprod.web3factory.net\/pt-pt\/#organization"},"potentialAction":[{"@type":"SearchAction","target":{"@type":"EntryPoint","urlTemplate":"https:\/\/preprod.web3factory.net\/pt-pt\/?s={search_term_string}"},"query-input":{"@type":"PropertyValueSpecification","valueRequired":true,"valueName":"search_term_string"}}],"inLanguage":"pt-PT"},{"@type":"Organization","@id":"https:\/\/preprod.web3factory.net\/pt-pt\/#organization","name":"Web3Factory","alternateName":"W3F","url":"https:\/\/preprod.web3factory.net\/pt-pt\/","logo":{"@type":"ImageObject","inLanguage":"pt-PT","@id":"https:\/\/preprod.web3factory.net\/pt-pt\/#\/schema\/logo\/image\/","url":"https:\/\/web3factory.net\/wp-content\/uploads\/2023\/10\/logo_carre.png","contentUrl":"https:\/\/web3factory.net\/wp-content\/uploads\/2023\/10\/logo_carre.png","width":418,"height":420,"caption":"Web3Factory"},"image":{"@id":"https:\/\/preprod.web3factory.net\/pt-pt\/#\/schema\/logo\/image\/"},"sameAs":["https:\/\/x.com\/w3bfactory"]}]}},"_links":{"self":[{"href":"https:\/\/web3factory.net\/pt-pt\/wp-json\/wp\/v2\/pages\/9710","targetHints":{"allow":["GET"]}}],"collection":[{"href":"https:\/\/web3factory.net\/pt-pt\/wp-json\/wp\/v2\/pages"}],"about":[{"href":"https:\/\/web3factory.net\/pt-pt\/wp-json\/wp\/v2\/types\/page"}],"author":[{"embeddable":true,"href":"https:\/\/web3factory.net\/pt-pt\/wp-json\/wp\/v2\/users\/41"}],"replies":[{"embeddable":true,"href":"https:\/\/web3factory.net\/pt-pt\/wp-json\/wp\/v2\/comments?post=9710"}],"version-history":[{"count":1,"href":"https:\/\/web3factory.net\/pt-pt\/wp-json\/wp\/v2\/pages\/9710\/revisions"}],"predecessor-version":[{"id":9711,"href":"https:\/\/web3factory.net\/pt-pt\/wp-json\/wp\/v2\/pages\/9710\/revisions\/9711"}],"wp:featuredmedia":[{"embeddable":true,"href":"https:\/\/web3factory.net\/pt-pt\/wp-json\/wp\/v2\/media\/7749"}],"wp:attachment":[{"href":"https:\/\/web3factory.net\/pt-pt\/wp-json\/wp\/v2\/media?parent=9710"}],"curies":[{"name":"wp","href":"https:\/\/api.w.org\/{rel}","templated":true}]}}